{"id":20962,"date":"2017-08-26T18:23:29","date_gmt":"2017-08-26T17:23:29","guid":{"rendered":"https:\/\/smsenra.com\/?page_id=20962"},"modified":"2025-06-03T10:04:45","modified_gmt":"2025-06-03T09:04:45","slug":"environment-certificates","status":"publish","type":"page","link":"https:\/\/smsenra.com\/fr\/environment-certificates\/","title":{"rendered":"Environnement et Certifications"},"content":{"rendered":"<p>[vc_row][vc_column][vc_custom_heading text=\u00a0\u00bbNous Nous Soucions De L&rsquo;Environnement\u00a0\u00bb font_container=\u00a0\u00bbtag:h1|font_size:42|text_align:left\u00a0\u00bb use_theme_fonts=\u00a0\u00bbyes\u00a0\u00bb][vc_custom_heading text=\u00a0\u00bbSMSenra adopte des pratiques de d\u00e9veloppement durable tout au long de la conception du produit, notamment en mati\u00e8re de gestion et de recyclage des d\u00e9chets, d\u2019utilisation efficace des ressources et d\u2019approvisionnement local.\u00a0\u00bb font_container=\u00a0\u00bbtag:p|font_size:16px|text_align:left|color:%23193c5e|line_height:22px\u00a0\u00bb google_fonts=\u00a0\u00bbfont_family:Lato%3A100%2C100italic%2C300%2C300italic%2Cregular%2Citalic%2C700%2C700italic%2C900%2C900italic|font_style:700%20bold%20italic%3A700%3Aitalic\u00a0\u00bb css=\u00a0\u00bb.vc_custom_1504249567612{margin-top: 20px !important;}\u00a0\u00bb][\/vc_column][\/vc_row][vc_row css=\u00a0\u00bb.vc_custom_1504197382632{margin-top: 20px !important;}\u00a0\u00bb][vc_column width=\u00a0\u00bb1\/4&Prime;][vc_single_image image=\u00a0\u00bb24031&Prime; img_size=\u00a0\u00bblarge\u00a0\u00bb onclick=\u00a0\u00bbcustom_link\u00a0\u00bb img_link_target=\u00a0\u00bb_blank\u00a0\u00bb link=\u00a0\u00bbhttps:\/\/smsenra.com\/wp-content\/uploads\/2025\/06\/7286CIT_2025_EN.pdf\u00a0\u00bb][\/vc_column][vc_column width=\u00a0\u00bb3\/4&Prime;][vc_column_text]En plus de rationaliser sa consommation et r\u00e9utilisation de mat\u00e9riaux, SMSenra met en \u0153uvre un programme de tri et de recyclage (papier, plastiques, piles et tissus).<\/p>\n<p>De plus, le v\u00eatement que nous produisons est couvert par la norme OEKO-TEX\u00ae qui assure un syst\u00e8me d&rsquo;essais et de certification uniformis\u00e9 \u00e0 l&rsquo;\u00e9chelle mondiale pour tous les produits textiles bruts, semi-finis et finis \u00e0 toutes les \u00e9tapes de traitement ainsi que pour tous les mat\u00e9riaux accessoires. Les contr\u00f4les sur les substances nocives de l&rsquo;OEKO-TEX\u00ae s&rsquo;orientent principalement sur les objectifs d&rsquo;utilisation des textiles et des mat\u00e9riaux. Plus le contact d&rsquo;un produit avec la peau est intensif et plus la peau est sensible, plus des exigences antiallergiques strictes doivent \u00eatre respect\u00e9es.<\/p>\n<p>Nous sommes \u00e9galement activement implique dans la vie locale, en participant a des \u00e9v\u00e8nements locaux et en soutenant des associations caritatives.[\/vc_column_text][vc_row_inner][vc_column_inner][vc_empty_space][\/vc_column_inner][\/vc_row_inner][vc_row_inner][vc_column_inner width=\u00a0\u00bb1\/4&Prime;][vc_single_image image=\u00a0\u00bb23964&Prime;][\/vc_column_inner][vc_column_inner width=\u00a0\u00bb1\/4&Prime;][vc_single_image image=\u00a0\u00bb24006&Prime; img_size=\u00a0\u00bbmedium\u00a0\u00bb alignment=\u00a0\u00bbcenter\u00a0\u00bb][\/vc_column_inner][vc_column_inner width=\u00a0\u00bb1\/4&Prime;][vc_single_image image=\u00a0\u00bb24004&Prime; img_size=\u00a0\u00bb\u00a0\u00bb][\/vc_column_inner][vc_column_inner width=\u00a0\u00bb1\/4&Prime;][vc_single_image image=\u00a0\u00bb23926&Prime; img_size=\u00a0\u00bblarge\u00a0\u00bb alignment=\u00a0\u00bbright\u00a0\u00bb][\/vc_column_inner][\/vc_row_inner][\/vc_column][\/vc_row]<\/p>","protected":false},"excerpt":{"rendered":"<p>&#8230;<\/p>\n","protected":false},"author":1,"featured_media":0,"parent":0,"menu_order":0,"comment_status":"closed","ping_status":"closed","template":"","meta":{"_monsterinsights_skip_tracking":false,"_monsterinsights_sitenote_active":false,"_monsterinsights_sitenote_note":"","_monsterinsights_sitenote_category":0,"footnotes":""},"class_list":["post-20962","page","type-page","status-publish","hentry"],"yoast_head":"<!-- This site is optimized with the Yoast SEO plugin v21.5 - https:\/\/yoast.com\/wordpress\/plugins\/seo\/ -->\n<title>Environnement et Certifications - SMSenra<\/title>\n<meta name=\"robots\" content=\"index, follow, max-snippet:-1, max-image-preview:large, max-video-preview:-1\" \/>\n<link rel=\"canonical\" href=\"https:\/\/smsenra.com\/environment-certificates\/\" \/>\n<meta property=\"og:locale\" content=\"fr_FR\" \/>\n<meta property=\"og:type\" content=\"article\" \/>\n<meta property=\"og:title\" content=\"Environnement et Certifications - SMSenra\" \/>\n<meta property=\"og:description\" content=\"...\" \/>\n<meta property=\"og:url\" content=\"https:\/\/smsenra.com\/environment-certificates\/\" \/>\n<meta property=\"og:site_name\" content=\"SMSenra\" \/>\n<meta property=\"article:modified_time\" content=\"2025-06-03T09:04:45+00:00\" \/>\n<meta name=\"twitter:card\" content=\"summary_large_image\" \/>\n<meta name=\"twitter:label1\" content=\"Dur\u00e9e de lecture estim\u00e9e\" \/>\n\t<meta name=\"twitter:data1\" content=\"1 minute\" \/>\n<script type=\"application\/ld+json\" class=\"yoast-schema-graph\">{\"@context\":\"https:\/\/schema.org\",\"@graph\":[{\"@type\":\"WebPage\",\"@id\":\"https:\/\/smsenra.com\/environment-certificates\/\",\"url\":\"https:\/\/smsenra.com\/environment-certificates\/\",\"name\":\"Environnement et Certifications - SMSenra\",\"isPartOf\":{\"@id\":\"https:\/\/smsenra.com\/#website\"},\"datePublished\":\"2017-08-26T17:23:29+00:00\",\"dateModified\":\"2025-06-03T09:04:45+00:00\",\"breadcrumb\":{\"@id\":\"https:\/\/smsenra.com\/environment-certificates\/#breadcrumb\"},\"inLanguage\":\"fr-FR\",\"potentialAction\":[{\"@type\":\"ReadAction\",\"target\":[\"https:\/\/smsenra.com\/environment-certificates\/\"]}]},{\"@type\":\"BreadcrumbList\",\"@id\":\"https:\/\/smsenra.com\/environment-certificates\/#breadcrumb\",\"itemListElement\":[{\"@type\":\"ListItem\",\"position\":1,\"name\":\"Home\",\"item\":\"https:\/\/smsenra.com\/\"},{\"@type\":\"ListItem\",\"position\":2,\"name\":\"Environment &#038; Certificates\"}]},{\"@type\":\"WebSite\",\"@id\":\"https:\/\/smsenra.com\/#website\",\"url\":\"https:\/\/smsenra.com\/\",\"name\":\"SMSenra\",\"description\":\"- commited to Fashion\",\"publisher\":{\"@id\":\"https:\/\/smsenra.com\/#organization\"},\"potentialAction\":[{\"@type\":\"SearchAction\",\"target\":{\"@type\":\"EntryPoint\",\"urlTemplate\":\"https:\/\/smsenra.com\/?s={search_term_string}\"},\"query-input\":\"required name=search_term_string\"}],\"inLanguage\":\"fr-FR\"},{\"@type\":\"Organization\",\"@id\":\"https:\/\/smsenra.com\/#organization\",\"name\":\"SMSenra - Committed to Fashion\",\"url\":\"https:\/\/smsenra.com\/\",\"logo\":{\"@type\":\"ImageObject\",\"inLanguage\":\"fr-FR\",\"@id\":\"https:\/\/smsenra.com\/#\/schema\/logo\/image\/\",\"url\":\"https:\/\/smsenra.com\/wp-content\/uploads\/2017\/08\/smsenra-logo-355x100-1.png\",\"contentUrl\":\"https:\/\/smsenra.com\/wp-content\/uploads\/2017\/08\/smsenra-logo-355x100-1.png\",\"width\":335,\"height\":100,\"caption\":\"SMSenra - Committed to Fashion\"},\"image\":{\"@id\":\"https:\/\/smsenra.com\/#\/schema\/logo\/image\/\"},\"sameAs\":[\"https:\/\/www.linkedin.com\/company-beta\/11234883\/\"]}]}<\/script>\n<!-- \/ Yoast SEO plugin. -->","yoast_head_json":{"title":"Environnement et Certifications - SMSenra","robots":{"index":"index","follow":"follow","max-snippet":"max-snippet:-1","max-image-preview":"max-image-preview:large","max-video-preview":"max-video-preview:-1"},"canonical":"https:\/\/smsenra.com\/environment-certificates\/","og_locale":"fr_FR","og_type":"article","og_title":"Environnement et Certifications - SMSenra","og_description":"...","og_url":"https:\/\/smsenra.com\/environment-certificates\/","og_site_name":"SMSenra","article_modified_time":"2025-06-03T09:04:45+00:00","twitter_card":"summary_large_image","twitter_misc":{"Dur\u00e9e de lecture estim\u00e9e":"1 minute"},"schema":{"@context":"https:\/\/schema.org","@graph":[{"@type":"WebPage","@id":"https:\/\/smsenra.com\/environment-certificates\/","url":"https:\/\/smsenra.com\/environment-certificates\/","name":"Environnement et Certifications - SMSenra","isPartOf":{"@id":"https:\/\/smsenra.com\/#website"},"datePublished":"2017-08-26T17:23:29+00:00","dateModified":"2025-06-03T09:04:45+00:00","breadcrumb":{"@id":"https:\/\/smsenra.com\/environment-certificates\/#breadcrumb"},"inLanguage":"fr-FR","potentialAction":[{"@type":"ReadAction","target":["https:\/\/smsenra.com\/environment-certificates\/"]}]},{"@type":"BreadcrumbList","@id":"https:\/\/smsenra.com\/environment-certificates\/#breadcrumb","itemListElement":[{"@type":"ListItem","position":1,"name":"Home","item":"https:\/\/smsenra.com\/"},{"@type":"ListItem","position":2,"name":"Environment &#038; Certificates"}]},{"@type":"WebSite","@id":"https:\/\/smsenra.com\/#website","url":"https:\/\/smsenra.com\/","name":"SMSenra","description":"- commited to Fashion","publisher":{"@id":"https:\/\/smsenra.com\/#organization"},"potentialAction":[{"@type":"SearchAction","target":{"@type":"EntryPoint","urlTemplate":"https:\/\/smsenra.com\/?s={search_term_string}"},"query-input":"required name=search_term_string"}],"inLanguage":"fr-FR"},{"@type":"Organization","@id":"https:\/\/smsenra.com\/#organization","name":"SMSenra - Committed to Fashion","url":"https:\/\/smsenra.com\/","logo":{"@type":"ImageObject","inLanguage":"fr-FR","@id":"https:\/\/smsenra.com\/#\/schema\/logo\/image\/","url":"https:\/\/smsenra.com\/wp-content\/uploads\/2017\/08\/smsenra-logo-355x100-1.png","contentUrl":"https:\/\/smsenra.com\/wp-content\/uploads\/2017\/08\/smsenra-logo-355x100-1.png","width":335,"height":100,"caption":"SMSenra - Committed to Fashion"},"image":{"@id":"https:\/\/smsenra.com\/#\/schema\/logo\/image\/"},"sameAs":["https:\/\/www.linkedin.com\/company-beta\/11234883\/"]}]}},"_links":{"self":[{"href":"https:\/\/smsenra.com\/fr\/wp-json\/wp\/v2\/pages\/20962","targetHints":{"allow":["GET"]}}],"collection":[{"href":"https:\/\/smsenra.com\/fr\/wp-json\/wp\/v2\/pages"}],"about":[{"href":"https:\/\/smsenra.com\/fr\/wp-json\/wp\/v2\/types\/page"}],"author":[{"embeddable":true,"href":"https:\/\/smsenra.com\/fr\/wp-json\/wp\/v2\/users\/1"}],"replies":[{"embeddable":true,"href":"https:\/\/smsenra.com\/fr\/wp-json\/wp\/v2\/comments?post=20962"}],"version-history":[{"count":12,"href":"https:\/\/smsenra.com\/fr\/wp-json\/wp\/v2\/pages\/20962\/revisions"}],"predecessor-version":[{"id":24035,"href":"https:\/\/smsenra.com\/fr\/wp-json\/wp\/v2\/pages\/20962\/revisions\/24035"}],"wp:attachment":[{"href":"https:\/\/smsenra.com\/fr\/wp-json\/wp\/v2\/media?parent=20962"}],"curies":[{"name":"wp","href":"https:\/\/api.w.org\/{rel}","templated":true}]}}