{"id":20945,"date":"2017-08-26T17:09:41","date_gmt":"2017-08-26T16:09:41","guid":{"rendered":"https:\/\/smsenra.com\/?page_id=20945"},"modified":"2017-09-01T07:57:12","modified_gmt":"2017-09-01T06:57:12","slug":"production-services","status":"publish","type":"page","link":"https:\/\/smsenra.com\/fr\/production-services\/","title":{"rendered":"Production et Services"},"content":{"rendered":"<p>[vc_row][vc_column][vc_custom_heading text=\u00a0\u00bbNos Clients Sont Notre Plus Grand Atout \u00a0\u00bb font_container=\u00a0\u00bbtag:h1|font_size:42px|text_align:left\u00a0\u00bb use_theme_fonts=\u00a0\u00bbyes\u00a0\u00bb][vc_custom_heading text=\u00a0\u00bbNos clients sont notre plus grand atout donc il est naturel que la satisfaction de nos clients soit notre objectif principal. Nous nous engageons a offrir un service professionnel et efficace, notamment en mati\u00e8re de:\u00a0\u00bb font_container=\u00a0\u00bbtag:p|font_size:16px|text_align:left|color:%23193c5e\u00a0\u00bb use_theme_fonts=\u00a0\u00bbyes\u00a0\u00bb][\/vc_column][\/vc_row][vc_row css=\u00a0\u00bb.vc_custom_1504198840205{margin-top: 20px !important;}\u00a0\u00bb][vc_column width=\u00a0\u00bb1\/6&Prime;][vc_row_inner][vc_column_inner width=\u00a0\u00bb1\/3&Prime;][\/vc_column_inner][vc_column_inner width=\u00a0\u00bb1\/3&Prime;][\/vc_column_inner][vc_column_inner width=\u00a0\u00bb1\/3&Prime;][vc_single_image image=\u00a0\u00bb20884&Prime; img_size=\u00a0\u00bb40&#215;37&Prime; alignment=\u00a0\u00bbcenter\u00a0\u00bb][\/vc_column_inner][\/vc_row_inner][\/vc_column][vc_column width=\u00a0\u00bb2\/3&Prime;][vc_custom_heading text=\u00a0\u00bbRecherche de qualit\u00e9s, en accord avec les mood-boards et diff\u00e9rents budgets;<br \/>\n\u00a0\u00bb font_container=\u00a0\u00bbtag:p|font_size:18px|text_align:left|color:%23193c5e\u00a0\u00bb use_theme_fonts=\u00a0\u00bbyes\u00a0\u00bb][\/vc_column][vc_column width=\u00a0\u00bb1\/6&Prime;][\/vc_column][\/vc_row][vc_row][vc_column width=\u00a0\u00bb1\/6&Prime;][vc_row_inner][vc_column_inner width=\u00a0\u00bb1\/3&Prime;][\/vc_column_inner][vc_column_inner width=\u00a0\u00bb1\/3&Prime;][\/vc_column_inner][vc_column_inner width=\u00a0\u00bb1\/3&Prime;][vc_single_image image=\u00a0\u00bb20880&Prime; img_size=\u00a0\u00bb40&#215;37&Prime; alignment=\u00a0\u00bbcenter\u00a0\u00bb][\/vc_column_inner][\/vc_row_inner][\/vc_column][vc_column width=\u00a0\u00bb2\/3&Prime;][vc_custom_heading text=\u00a0\u00bbPatronage;\u00a0\u00bb font_container=\u00a0\u00bbtag:p|font_size:18px|text_align:left|color:%23193c5e\u00a0\u00bb use_theme_fonts=\u00a0\u00bbyes\u00a0\u00bb][\/vc_column][vc_column width=\u00a0\u00bb1\/6&Prime;][\/vc_column][\/vc_row][vc_row][vc_column width=\u00a0\u00bb1\/6&Prime;][vc_row_inner][vc_column_inner width=\u00a0\u00bb1\/3&Prime;][\/vc_column_inner][vc_column_inner width=\u00a0\u00bb1\/3&Prime;][\/vc_column_inner][vc_column_inner width=\u00a0\u00bb1\/3&Prime;][vc_single_image image=\u00a0\u00bb23868&Prime; img_size=\u00a0\u00bb40&#215;37&Prime; alignment=\u00a0\u00bbcenter\u00a0\u00bb][\/vc_column_inner][\/vc_row_inner][\/vc_column][vc_column width=\u00a0\u00bb2\/3&Prime;][vc_custom_heading text=\u00a0\u00bbProvision d\u2019\u00e9chantillons pour fitting et SMS;\u00a0\u00bb font_container=\u00a0\u00bbtag:p|font_size:18px|text_align:left|color:%23193c5e\u00a0\u00bb use_theme_fonts=\u00a0\u00bbyes\u00a0\u00bb][\/vc_column][vc_column width=\u00a0\u00bb1\/6&Prime;][\/vc_column][\/vc_row][vc_row][vc_column width=\u00a0\u00bb1\/6&Prime;][vc_row_inner][vc_column_inner width=\u00a0\u00bb1\/3&Prime;][\/vc_column_inner][vc_column_inner width=\u00a0\u00bb1\/3&Prime;][\/vc_column_inner][vc_column_inner width=\u00a0\u00bb1\/3&Prime;][vc_single_image image=\u00a0\u00bb23870&Prime; img_size=\u00a0\u00bb40&#215;37&Prime; alignment=\u00a0\u00bbcenter\u00a0\u00bb][\/vc_column_inner][\/vc_row_inner][\/vc_column][vc_column width=\u00a0\u00bb2\/3&Prime;][vc_custom_heading text=\u00a0\u00bbD\u00e9veloppement d\u2019imprimes, de broderies et \u00e9tiquettes personnalis\u00e9es;\u00a0\u00bb font_container=\u00a0\u00bbtag:p|font_size:18px|text_align:left|color:%23193c5e\u00a0\u00bb use_theme_fonts=\u00a0\u00bbyes\u00a0\u00bb][\/vc_column][vc_column width=\u00a0\u00bb1\/6&Prime;][\/vc_column][\/vc_row][vc_row][vc_column width=\u00a0\u00bb1\/6&Prime;][vc_row_inner][vc_column_inner width=\u00a0\u00bb1\/3&Prime;][\/vc_column_inner][vc_column_inner width=\u00a0\u00bb1\/3&Prime;][\/vc_column_inner][vc_column_inner width=\u00a0\u00bb1\/3&Prime;][vc_single_image image=\u00a0\u00bb20877&Prime; img_size=\u00a0\u00bb40&#215;37&Prime; alignment=\u00a0\u00bbcenter\u00a0\u00bb][\/vc_column_inner][\/vc_row_inner][\/vc_column][vc_column width=\u00a0\u00bb2\/3&Prime;][vc_custom_heading text=\u00a0\u00bbContr\u00f4le Qualit\u00e9 et \u00c9valuation Technique.\u00a0\u00bb font_container=\u00a0\u00bbtag:p|font_size:18px|text_align:left|color:%23193c5e\u00a0\u00bb use_theme_fonts=\u00a0\u00bbyes\u00a0\u00bb][\/vc_column][vc_column width=\u00a0\u00bb1\/6&Prime;][\/vc_column][\/vc_row][vc_row css=\u00a0\u00bb.vc_custom_1503825517429{margin-top: 30px !important;}\u00a0\u00bb][vc_column][vc_column_text]Grace a l\u2019efficacit\u00e9 de notre syst\u00e8me de production, SMSenra peut fournir 25.000 articles par mois en utilisant toutes les opportunit\u00e9s technologiques \u00e0 disposition tout en respectant les crit\u00e8res environnementaux.<\/p>\n<p>Les mesures de contr\u00f4le qualit\u00e9, et notamment l\u2019inspection des mati\u00e8res premi\u00e8res et le contr\u00f4le AQL en continu, sont appliqu\u00e9s avec rigueur tout au long de la production et permettent de suivre chaque \u00e9tape de la chaine logistique et ainsi d\u2019assurer une production sans aucun probl\u00e8me.<\/p>\n<p><span style=\"color: #003366;\"><em><strong>Fournir des articles de mode dans les d\u00e9lais de production impartis, maximiser la qualit\u00e9 en appliquant les principes d\u2019am\u00e9lioration en continu, tels sont les engagements de notre \u00e9quipe exp\u00e9riment\u00e9e de gestionnaires de compte et de contr\u00f4leurs qualit\u00e9 afin d\u2019assurer la mise en place de bonnes pratiques pour une gestion d\u2019entreprise durable.<\/strong><\/em><\/span>[\/vc_column_text][\/vc_column][\/vc_row]<\/p>","protected":false},"excerpt":{"rendered":"<p>&#8230;<\/p>\n","protected":false},"author":1,"featured_media":0,"parent":0,"menu_order":0,"comment_status":"closed","ping_status":"closed","template":"","meta":{"_monsterinsights_skip_tracking":false,"_monsterinsights_sitenote_active":false,"_monsterinsights_sitenote_note":"","_monsterinsights_sitenote_category":0,"footnotes":""},"class_list":["post-20945","page","type-page","status-publish","hentry"],"yoast_head":"<!-- This site is optimized with the Yoast SEO plugin v21.5 - https:\/\/yoast.com\/wordpress\/plugins\/seo\/ -->\n<title>Production et Services - SMSenra<\/title>\n<meta name=\"robots\" content=\"index, follow, max-snippet:-1, max-image-preview:large, max-video-preview:-1\" \/>\n<link rel=\"canonical\" href=\"https:\/\/smsenra.com\/production-services\/\" \/>\n<meta property=\"og:locale\" content=\"fr_FR\" \/>\n<meta property=\"og:type\" content=\"article\" \/>\n<meta property=\"og:title\" content=\"Production et Services - SMSenra\" \/>\n<meta property=\"og:description\" content=\"...\" \/>\n<meta property=\"og:url\" content=\"https:\/\/smsenra.com\/production-services\/\" \/>\n<meta property=\"og:site_name\" content=\"SMSenra\" \/>\n<meta property=\"article:modified_time\" content=\"2017-09-01T06:57:12+00:00\" \/>\n<meta name=\"twitter:card\" content=\"summary_large_image\" \/>\n<meta name=\"twitter:label1\" content=\"Dur\u00e9e de lecture estim\u00e9e\" \/>\n\t<meta name=\"twitter:data1\" content=\"10 minutes\" \/>\n<script type=\"application\/ld+json\" class=\"yoast-schema-graph\">{\"@context\":\"https:\/\/schema.org\",\"@graph\":[{\"@type\":\"WebPage\",\"@id\":\"https:\/\/smsenra.com\/production-services\/\",\"url\":\"https:\/\/smsenra.com\/production-services\/\",\"name\":\"Production et Services - SMSenra\",\"isPartOf\":{\"@id\":\"https:\/\/smsenra.com\/#website\"},\"datePublished\":\"2017-08-26T16:09:41+00:00\",\"dateModified\":\"2017-09-01T06:57:12+00:00\",\"breadcrumb\":{\"@id\":\"https:\/\/smsenra.com\/production-services\/#breadcrumb\"},\"inLanguage\":\"fr-FR\",\"potentialAction\":[{\"@type\":\"ReadAction\",\"target\":[\"https:\/\/smsenra.com\/production-services\/\"]}]},{\"@type\":\"BreadcrumbList\",\"@id\":\"https:\/\/smsenra.com\/production-services\/#breadcrumb\",\"itemListElement\":[{\"@type\":\"ListItem\",\"position\":1,\"name\":\"Home\",\"item\":\"https:\/\/smsenra.com\/\"},{\"@type\":\"ListItem\",\"position\":2,\"name\":\"Production &#038; Services\"}]},{\"@type\":\"WebSite\",\"@id\":\"https:\/\/smsenra.com\/#website\",\"url\":\"https:\/\/smsenra.com\/\",\"name\":\"SMSenra\",\"description\":\"- commited to Fashion\",\"publisher\":{\"@id\":\"https:\/\/smsenra.com\/#organization\"},\"potentialAction\":[{\"@type\":\"SearchAction\",\"target\":{\"@type\":\"EntryPoint\",\"urlTemplate\":\"https:\/\/smsenra.com\/?s={search_term_string}\"},\"query-input\":\"required name=search_term_string\"}],\"inLanguage\":\"fr-FR\"},{\"@type\":\"Organization\",\"@id\":\"https:\/\/smsenra.com\/#organization\",\"name\":\"SMSenra - Committed to Fashion\",\"url\":\"https:\/\/smsenra.com\/\",\"logo\":{\"@type\":\"ImageObject\",\"inLanguage\":\"fr-FR\",\"@id\":\"https:\/\/smsenra.com\/#\/schema\/logo\/image\/\",\"url\":\"https:\/\/smsenra.com\/wp-content\/uploads\/2017\/08\/smsenra-logo-355x100-1.png\",\"contentUrl\":\"https:\/\/smsenra.com\/wp-content\/uploads\/2017\/08\/smsenra-logo-355x100-1.png\",\"width\":335,\"height\":100,\"caption\":\"SMSenra - Committed to Fashion\"},\"image\":{\"@id\":\"https:\/\/smsenra.com\/#\/schema\/logo\/image\/\"},\"sameAs\":[\"https:\/\/www.linkedin.com\/company-beta\/11234883\/\"]}]}<\/script>\n<!-- \/ Yoast SEO plugin. -->","yoast_head_json":{"title":"Production et Services - SMSenra","robots":{"index":"index","follow":"follow","max-snippet":"max-snippet:-1","max-image-preview":"max-image-preview:large","max-video-preview":"max-video-preview:-1"},"canonical":"https:\/\/smsenra.com\/production-services\/","og_locale":"fr_FR","og_type":"article","og_title":"Production et Services - SMSenra","og_description":"...","og_url":"https:\/\/smsenra.com\/production-services\/","og_site_name":"SMSenra","article_modified_time":"2017-09-01T06:57:12+00:00","twitter_card":"summary_large_image","twitter_misc":{"Dur\u00e9e de lecture estim\u00e9e":"10 minutes"},"schema":{"@context":"https:\/\/schema.org","@graph":[{"@type":"WebPage","@id":"https:\/\/smsenra.com\/production-services\/","url":"https:\/\/smsenra.com\/production-services\/","name":"Production et Services - SMSenra","isPartOf":{"@id":"https:\/\/smsenra.com\/#website"},"datePublished":"2017-08-26T16:09:41+00:00","dateModified":"2017-09-01T06:57:12+00:00","breadcrumb":{"@id":"https:\/\/smsenra.com\/production-services\/#breadcrumb"},"inLanguage":"fr-FR","potentialAction":[{"@type":"ReadAction","target":["https:\/\/smsenra.com\/production-services\/"]}]},{"@type":"BreadcrumbList","@id":"https:\/\/smsenra.com\/production-services\/#breadcrumb","itemListElement":[{"@type":"ListItem","position":1,"name":"Home","item":"https:\/\/smsenra.com\/"},{"@type":"ListItem","position":2,"name":"Production &#038; Services"}]},{"@type":"WebSite","@id":"https:\/\/smsenra.com\/#website","url":"https:\/\/smsenra.com\/","name":"SMSenra","description":"- commited to Fashion","publisher":{"@id":"https:\/\/smsenra.com\/#organization"},"potentialAction":[{"@type":"SearchAction","target":{"@type":"EntryPoint","urlTemplate":"https:\/\/smsenra.com\/?s={search_term_string}"},"query-input":"required name=search_term_string"}],"inLanguage":"fr-FR"},{"@type":"Organization","@id":"https:\/\/smsenra.com\/#organization","name":"SMSenra - Committed to Fashion","url":"https:\/\/smsenra.com\/","logo":{"@type":"ImageObject","inLanguage":"fr-FR","@id":"https:\/\/smsenra.com\/#\/schema\/logo\/image\/","url":"https:\/\/smsenra.com\/wp-content\/uploads\/2017\/08\/smsenra-logo-355x100-1.png","contentUrl":"https:\/\/smsenra.com\/wp-content\/uploads\/2017\/08\/smsenra-logo-355x100-1.png","width":335,"height":100,"caption":"SMSenra - Committed to Fashion"},"image":{"@id":"https:\/\/smsenra.com\/#\/schema\/logo\/image\/"},"sameAs":["https:\/\/www.linkedin.com\/company-beta\/11234883\/"]}]}},"_links":{"self":[{"href":"https:\/\/smsenra.com\/fr\/wp-json\/wp\/v2\/pages\/20945","targetHints":{"allow":["GET"]}}],"collection":[{"href":"https:\/\/smsenra.com\/fr\/wp-json\/wp\/v2\/pages"}],"about":[{"href":"https:\/\/smsenra.com\/fr\/wp-json\/wp\/v2\/types\/page"}],"author":[{"embeddable":true,"href":"https:\/\/smsenra.com\/fr\/wp-json\/wp\/v2\/users\/1"}],"replies":[{"embeddable":true,"href":"https:\/\/smsenra.com\/fr\/wp-json\/wp\/v2\/comments?post=20945"}],"version-history":[{"count":0,"href":"https:\/\/smsenra.com\/fr\/wp-json\/wp\/v2\/pages\/20945\/revisions"}],"wp:attachment":[{"href":"https:\/\/smsenra.com\/fr\/wp-json\/wp\/v2\/media?parent=20945"}],"curies":[{"name":"wp","href":"https:\/\/api.w.org\/{rel}","templated":true}]}}