{"id":20895,"date":"2017-08-26T07:57:16","date_gmt":"2017-08-26T06:57:16","guid":{"rendered":"https:\/\/smsenra.com\/?page_id=20895"},"modified":"2017-09-01T07:21:50","modified_gmt":"2017-09-01T06:21:50","slug":"meet-smsenra","status":"publish","type":"page","link":"https:\/\/smsenra.com\/fr\/meet-smsenra\/","title":{"rendered":"\u00c0 propos de nous"},"content":{"rendered":"<p>[vc_row][vc_column][vc_custom_heading text=\u00a0\u00bb\u00c0 la rencontre de SMSenra\u00a0\u00bb font_container=\u00a0\u00bbtag:h1|font_size:42px|text_align:left\u00a0\u00bb use_theme_fonts=\u00a0\u00bbyes\u00a0\u00bb css=\u00a0\u00bb.vc_custom_1504246738198{margin-top: 20px !important;}\u00a0\u00bb][\/vc_column][\/vc_row][vc_row][vc_column width=\u00a0\u00bb1\/2&Prime;][vc_empty_space height=\u00a0\u00bb55px\u00a0\u00bb][vc_gallery type=\u00a0\u00bbnivo\u00a0\u00bb interval=\u00a0\u00bb5&Prime; images=\u00a0\u00bb23883,23882,23880,23881,23879&Prime; onclick=\u00a0\u00bblink_no\u00a0\u00bb img_size=\u00a0\u00bbfull\u00a0\u00bb][vc_empty_space][\/vc_column][vc_column width=\u00a0\u00bb1\/2&Prime;][vc_custom_heading text=\u00a0\u00bbEngag\u00e9 \u00e0 la Mode\u00a0\u00bb font_container=\u00a0\u00bbtag:h2|font_size:34px|text_align:left|color:%23193c5e|line_height:40px\u00a0\u00bb use_theme_fonts=\u00a0\u00bbyes\u00a0\u00bb][vc_column_text]SMSenra, offre \u00e0 ses clients une mode vestimentaire sur mesure ainsi que des solutions de haute qualit\u00e9 en maille circulaire.<\/p>\n<p><span style=\"color: #003366;\"><strong>SMSenra est une entreprise de sur-mesure hautement qualifi\u00e9e avec plus de 30 ans d\u2019exp\u00e9rience et bas\u00e9e \u00e0 Porto, Portugal. Nous exportons actuellement 95% de notre production \u00e0 travers 10 pays, dont le Royaume-Uni, la France te l\u2019Italie.<\/strong><\/span><\/p>\n<p>SMSenra est sp\u00e9cialis\u00e9 dans l\u2019utilisation de mati\u00e8res premi\u00e8res de haute qualit\u00e9 et nous sommes fiers de notre \u00e9quipe de cr\u00e9ateurs et de notre syst\u00e8me de production performant qui nous permet de livrer des produits de qualit\u00e9 dans les d\u00e9lais impartis. De plus, nos relations avec d\u2019importantes industries textiles nous permet de pr\u00e9senter et d\u2019offrir \u00e0 nos clients les derni\u00e8res tendances en mati\u00e8re de tissus, imprimes et broderies.<\/p>\n<p>Notre but est d\u2019aller au-del\u00e0 des attentes de nos clients en offrant un produit de choix, un service client, une flexibilit\u00e9 grandissante et une plus grande valeur ajout\u00e9e tout en optimisant l\u2019attrait de notre offre.[\/vc_column_text][\/vc_column][\/vc_row][vc_row][vc_column][vc_empty_space][\/vc_column][\/vc_row]<\/p>","protected":false},"excerpt":{"rendered":"<p>&#8230;<\/p>\n","protected":false},"author":1,"featured_media":0,"parent":0,"menu_order":0,"comment_status":"closed","ping_status":"closed","template":"","meta":{"_monsterinsights_skip_tracking":false,"_monsterinsights_sitenote_active":false,"_monsterinsights_sitenote_note":"","_monsterinsights_sitenote_category":0,"footnotes":""},"class_list":["post-20895","page","type-page","status-publish","hentry"],"yoast_head":"<!-- This site is optimized with the Yoast SEO plugin v21.5 - https:\/\/yoast.com\/wordpress\/plugins\/seo\/ -->\n<title>\u00c0 propos de nous - SMSenra<\/title>\n<meta name=\"robots\" content=\"index, follow, max-snippet:-1, max-image-preview:large, max-video-preview:-1\" \/>\n<link rel=\"canonical\" href=\"https:\/\/smsenra.com\/meet-smsenra\/\" \/>\n<meta property=\"og:locale\" content=\"fr_FR\" \/>\n<meta property=\"og:type\" content=\"article\" \/>\n<meta property=\"og:title\" content=\"\u00c0 propos de nous - SMSenra\" \/>\n<meta property=\"og:description\" content=\"...\" \/>\n<meta property=\"og:url\" content=\"https:\/\/smsenra.com\/meet-smsenra\/\" \/>\n<meta property=\"og:site_name\" content=\"SMSenra\" \/>\n<meta property=\"article:modified_time\" content=\"2017-09-01T06:21:50+00:00\" \/>\n<meta name=\"twitter:card\" content=\"summary_large_image\" \/>\n<meta name=\"twitter:label1\" content=\"Dur\u00e9e de lecture estim\u00e9e\" \/>\n\t<meta name=\"twitter:data1\" content=\"4 minutes\" \/>\n<script type=\"application\/ld+json\" class=\"yoast-schema-graph\">{\"@context\":\"https:\/\/schema.org\",\"@graph\":[{\"@type\":\"WebPage\",\"@id\":\"https:\/\/smsenra.com\/meet-smsenra\/\",\"url\":\"https:\/\/smsenra.com\/meet-smsenra\/\",\"name\":\"\u00c0 propos de nous - SMSenra\",\"isPartOf\":{\"@id\":\"https:\/\/smsenra.com\/#website\"},\"datePublished\":\"2017-08-26T06:57:16+00:00\",\"dateModified\":\"2017-09-01T06:21:50+00:00\",\"breadcrumb\":{\"@id\":\"https:\/\/smsenra.com\/meet-smsenra\/#breadcrumb\"},\"inLanguage\":\"fr-FR\",\"potentialAction\":[{\"@type\":\"ReadAction\",\"target\":[\"https:\/\/smsenra.com\/meet-smsenra\/\"]}]},{\"@type\":\"BreadcrumbList\",\"@id\":\"https:\/\/smsenra.com\/meet-smsenra\/#breadcrumb\",\"itemListElement\":[{\"@type\":\"ListItem\",\"position\":1,\"name\":\"Home\",\"item\":\"https:\/\/smsenra.com\/\"},{\"@type\":\"ListItem\",\"position\":2,\"name\":\"Meet SMSenra\"}]},{\"@type\":\"WebSite\",\"@id\":\"https:\/\/smsenra.com\/#website\",\"url\":\"https:\/\/smsenra.com\/\",\"name\":\"SMSenra\",\"description\":\"- commited to Fashion\",\"publisher\":{\"@id\":\"https:\/\/smsenra.com\/#organization\"},\"potentialAction\":[{\"@type\":\"SearchAction\",\"target\":{\"@type\":\"EntryPoint\",\"urlTemplate\":\"https:\/\/smsenra.com\/?s={search_term_string}\"},\"query-input\":\"required name=search_term_string\"}],\"inLanguage\":\"fr-FR\"},{\"@type\":\"Organization\",\"@id\":\"https:\/\/smsenra.com\/#organization\",\"name\":\"SMSenra - Committed to Fashion\",\"url\":\"https:\/\/smsenra.com\/\",\"logo\":{\"@type\":\"ImageObject\",\"inLanguage\":\"fr-FR\",\"@id\":\"https:\/\/smsenra.com\/#\/schema\/logo\/image\/\",\"url\":\"https:\/\/smsenra.com\/wp-content\/uploads\/2017\/08\/smsenra-logo-355x100-1.png\",\"contentUrl\":\"https:\/\/smsenra.com\/wp-content\/uploads\/2017\/08\/smsenra-logo-355x100-1.png\",\"width\":335,\"height\":100,\"caption\":\"SMSenra - Committed to Fashion\"},\"image\":{\"@id\":\"https:\/\/smsenra.com\/#\/schema\/logo\/image\/\"},\"sameAs\":[\"https:\/\/www.linkedin.com\/company-beta\/11234883\/\"]}]}<\/script>\n<!-- \/ Yoast SEO plugin. -->","yoast_head_json":{"title":"\u00c0 propos de nous - SMSenra","robots":{"index":"index","follow":"follow","max-snippet":"max-snippet:-1","max-image-preview":"max-image-preview:large","max-video-preview":"max-video-preview:-1"},"canonical":"https:\/\/smsenra.com\/meet-smsenra\/","og_locale":"fr_FR","og_type":"article","og_title":"\u00c0 propos de nous - SMSenra","og_description":"...","og_url":"https:\/\/smsenra.com\/meet-smsenra\/","og_site_name":"SMSenra","article_modified_time":"2017-09-01T06:21:50+00:00","twitter_card":"summary_large_image","twitter_misc":{"Dur\u00e9e de lecture estim\u00e9e":"4 minutes"},"schema":{"@context":"https:\/\/schema.org","@graph":[{"@type":"WebPage","@id":"https:\/\/smsenra.com\/meet-smsenra\/","url":"https:\/\/smsenra.com\/meet-smsenra\/","name":"\u00c0 propos de nous - SMSenra","isPartOf":{"@id":"https:\/\/smsenra.com\/#website"},"datePublished":"2017-08-26T06:57:16+00:00","dateModified":"2017-09-01T06:21:50+00:00","breadcrumb":{"@id":"https:\/\/smsenra.com\/meet-smsenra\/#breadcrumb"},"inLanguage":"fr-FR","potentialAction":[{"@type":"ReadAction","target":["https:\/\/smsenra.com\/meet-smsenra\/"]}]},{"@type":"BreadcrumbList","@id":"https:\/\/smsenra.com\/meet-smsenra\/#breadcrumb","itemListElement":[{"@type":"ListItem","position":1,"name":"Home","item":"https:\/\/smsenra.com\/"},{"@type":"ListItem","position":2,"name":"Meet SMSenra"}]},{"@type":"WebSite","@id":"https:\/\/smsenra.com\/#website","url":"https:\/\/smsenra.com\/","name":"SMSenra","description":"- commited to Fashion","publisher":{"@id":"https:\/\/smsenra.com\/#organization"},"potentialAction":[{"@type":"SearchAction","target":{"@type":"EntryPoint","urlTemplate":"https:\/\/smsenra.com\/?s={search_term_string}"},"query-input":"required name=search_term_string"}],"inLanguage":"fr-FR"},{"@type":"Organization","@id":"https:\/\/smsenra.com\/#organization","name":"SMSenra - Committed to Fashion","url":"https:\/\/smsenra.com\/","logo":{"@type":"ImageObject","inLanguage":"fr-FR","@id":"https:\/\/smsenra.com\/#\/schema\/logo\/image\/","url":"https:\/\/smsenra.com\/wp-content\/uploads\/2017\/08\/smsenra-logo-355x100-1.png","contentUrl":"https:\/\/smsenra.com\/wp-content\/uploads\/2017\/08\/smsenra-logo-355x100-1.png","width":335,"height":100,"caption":"SMSenra - Committed to Fashion"},"image":{"@id":"https:\/\/smsenra.com\/#\/schema\/logo\/image\/"},"sameAs":["https:\/\/www.linkedin.com\/company-beta\/11234883\/"]}]}},"_links":{"self":[{"href":"https:\/\/smsenra.com\/fr\/wp-json\/wp\/v2\/pages\/20895","targetHints":{"allow":["GET"]}}],"collection":[{"href":"https:\/\/smsenra.com\/fr\/wp-json\/wp\/v2\/pages"}],"about":[{"href":"https:\/\/smsenra.com\/fr\/wp-json\/wp\/v2\/types\/page"}],"author":[{"embeddable":true,"href":"https:\/\/smsenra.com\/fr\/wp-json\/wp\/v2\/users\/1"}],"replies":[{"embeddable":true,"href":"https:\/\/smsenra.com\/fr\/wp-json\/wp\/v2\/comments?post=20895"}],"version-history":[{"count":0,"href":"https:\/\/smsenra.com\/fr\/wp-json\/wp\/v2\/pages\/20895\/revisions"}],"wp:attachment":[{"href":"https:\/\/smsenra.com\/fr\/wp-json\/wp\/v2\/media?parent=20895"}],"curies":[{"name":"wp","href":"https:\/\/api.w.org\/{rel}","templated":true}]}}