{"id":15529,"date":"2014-02-26T12:49:33","date_gmt":"2014-02-26T12:49:33","guid":{"rendered":"http:\/\/8theme.com\/dev\/royal\/?page_id=5"},"modified":"2021-02-11T15:26:25","modified_gmt":"2021-02-11T15:26:25","slug":"home","status":"publish","type":"page","link":"https:\/\/smsenra.com\/fr\/","title":{"rendered":"SMSenra &#8211; Engag\u00e9 \u00e0 La Mode"},"content":{"rendered":"<p>[vc_row css=\u00a0\u00bb.vc_custom_1463735902380{margin-top: -30px !important;}\u00a0\u00bb][vc_column][rev_slider_vc alias=\u00a0\u00bbsmsenra\u00a0\u00bb][\/vc_column][\/vc_row][vc_row css=\u00a0\u00bb.vc_custom_1503685330757{margin-top: 30px !important;margin-bottom: 30px !important;}\u00a0\u00bb][vc_column][vc_custom_heading text=\u00a0\u00bbUne entreprise de sur-mesure hautement qualifi\u00e9e\u00a0\u00bb font_container=\u00a0\u00bbtag:h1|font_size:48|text_align:center\u00a0\u00bb use_theme_fonts=\u00a0\u00bbyes\u00a0\u00bb][vc_column_text css=\u00a0\u00bb.vc_custom_1504244161942{margin-top: 15px !important;}\u00a0\u00bb]<\/p>\n<p style=\"text-align: center;\">SMSenra, offre \u00e0 ses clients une mode vestimentaire sur mesure ainsi que des solutions de haute qualit\u00e9 en maille circulaire.<\/p>\n<p style=\"text-align: center;\">SMSenra est une entreprise de sur-mesure hautement qualifi\u00e9e avec plus de 30 ans d\u2019exp\u00e9rience et bas\u00e9e \u00e0 Porto, Portugal.<br \/>\nNous exportons actuellement 95% de notre production \u00e0 travers 10 pays, dont le Royaume-Uni, la France te l\u2019Italie.<\/p>\n<p>[\/vc_column_text]<span id=\"creative-link-wrap-9949\" class=\"ult_main_cl ult-adjust-bottom-margin  \" >\n\t \t\t\t<span class=\"ult_cl_link_1  ult_crlink\" >\n\t\t\t\t\t<a  data-ultimate-target='#creative-link-wrap-9949 .ult_colorlink'  data-responsive-json-new='{\"font-size\":\"\",\"line-height\":\"\"}'  href = \"https:\/\/smsenra.com\/meet-smsenra\/\"  class=\"ult_colorlink ult-responsive \" style=\"font-weight:normal;color:#193c5e; \"  data-textcolor=\"#193c5e\" data-texthover=\"#42a4f7\"data-style=\"Style_1\" title=\"\" >\n\t\t\t\t\t\t\n\t\t\t\t\t\t<span data-hover=\"lire plus ici\" style=\"color:#193c5e;;;\" class=\"ult_btn10_span   \">lire plus ici<\/span>\n\t\t\t\t\t\t\n\t\t\t\t\t<\/a>\n\t\t\t\t<\/span>\n\t\t\t<\/span>[\/vc_column][\/vc_row][vc_row full_width=\u00a0\u00bbstretch_row\u00a0\u00bb bg_type=\u00a0\u00bbimage\u00a0\u00bb parallax_style=\u00a0\u00bbvcpb-default\u00a0\u00bb bg_image_new=\u00a0\u00bbid^21017|url^https:\/\/smsenra.com\/wp-content\/uploads\/2014\/02\/custom-made-solutions3.jpg|caption^null|alt^null|title^custom-made-solutions3|description^null\u00a0\u00bb bg_image_repeat=\u00a0\u00bbno-repeat\u00a0\u00bb bg_img_attach=\u00a0\u00bbfixed\u00a0\u00bb][vc_column][vc_custom_heading text=\u00a0\u00bbSolutions Cr\u00e9atives et Sur-mesure \u00a0\u00bb font_container=\u00a0\u00bbtag:h1|font_size:48|text_align:center\u00a0\u00bb use_theme_fonts=\u00a0\u00bbyes\u00a0\u00bb css=\u00a0\u00bb.vc_custom_1504243919473{padding-top: 140px !important;}\u00a0\u00bb][vc_column_text css=\u00a0\u00bb.vc_custom_1504244229175{margin-top: 15px !important;}\u00a0\u00bb]<\/p>\n<p style=\"text-align: center;\"><span style=\"color: #615f5f;\">A partir d\u2019un dessin technique, d\u2019une photographie voir m\u00eame d\u2019un v\u00eatement pr\u00eat-\u00e0-porter, nous avons<\/span><br \/>\n<span style=\"color: #615f5f;\">la capacit\u00e9 de d\u00e9velopper des produits en maille circulaire personnalis\u00e9s pour hommes et femmes.<\/span><\/p>\n<p>[\/vc_column_text]<span id=\"creative-link-wrap-6652\" class=\"ult_main_cl ult-adjust-bottom-margin  \" >\n\t \t\t\t<span class=\"ult_cl_link_1  ult_crlink\" >\n\t\t\t\t\t<a  data-ultimate-target='#creative-link-wrap-6652 .ult_colorlink'  data-responsive-json-new='{\"font-size\":\"\",\"line-height\":\"\"}'  href = \"https:\/\/smsenra.com\/products\/\"  class=\"ult_colorlink ult-responsive \" style=\"font-weight:normal;color:#193c5e; \"  data-textcolor=\"#193c5e\" data-texthover=\"#42a4f7\"data-style=\"Style_1\" title=\"\" >\n\t\t\t\t\t\t\n\t\t\t\t\t\t<span data-hover=\"lire plus ici\" style=\"color:#193c5e;;;\" class=\"ult_btn10_span   \">lire plus ici<\/span>\n\t\t\t\t\t\t\n\t\t\t\t\t<\/a>\n\t\t\t\t<\/span>\n\t\t\t<\/span>[vc_empty_space height=\u00a0\u00bb140px\u00a0\u00bb][\/vc_column][\/vc_row][vc_row css=\u00a0\u00bb.vc_custom_1503688533027{margin-top: 30px !important;margin-bottom: 30px !important;}\u00a0\u00bb][vc_column][vc_custom_heading text=\u00a0\u00bbCe Que Nous Faisons\u00a0\u00bb font_container=\u00a0\u00bbtag:h1|font_size:42|text_align:center\u00a0\u00bb use_theme_fonts=\u00a0\u00bbyes\u00a0\u00bb css=\u00a0\u00bb.vc_custom_1504244005304{margin-bottom: 35px !important;}\u00a0\u00bb][vc_row_inner css=\u00a0\u00bb.vc_custom_1503688098336{margin-top: 20px !important;}\u00a0\u00bb][vc_column_inner width=\u00a0\u00bb1\/4&Prime;][vc_single_image image=\u00a0\u00bb20872&Prime; img_size=\u00a0\u00bbmedium\u00a0\u00bb alignment=\u00a0\u00bbcenter\u00a0\u00bb][vc_custom_heading text=\u00a0\u00bbD\u00e9veloppement de Produits\u00a0\u00bb font_container=\u00a0\u00bbtag:p|font_size:18px|text_align:center|color:%23424242|line_height:24px\u00a0\u00bb use_theme_fonts=\u00a0\u00bbyes\u00a0\u00bb][\/vc_column_inner][vc_column_inner width=\u00a0\u00bb1\/4&Prime;][vc_single_image image=\u00a0\u00bb20884&Prime; img_size=\u00a0\u00bbmedium\u00a0\u00bb alignment=\u00a0\u00bbcenter\u00a0\u00bb][vc_custom_heading text=\u00a0\u00bbSourcing\u00a0\u00bb font_container=\u00a0\u00bbtag:p|font_size:18px|text_align:center|color:%23424242|line_height:24px\u00a0\u00bb use_theme_fonts=\u00a0\u00bbyes\u00a0\u00bb][\/vc_column_inner][vc_column_inner width=\u00a0\u00bb1\/4&Prime;][vc_single_image image=\u00a0\u00bb20880&Prime; img_size=\u00a0\u00bbmedium\u00a0\u00bb alignment=\u00a0\u00bbcenter\u00a0\u00bb][vc_custom_heading text=\u00a0\u00bbMod\u00e9lisation\u00a0\u00bb font_container=\u00a0\u00bbtag:p|font_size:18px|text_align:center|color:%23424242|line_height:24px\u00a0\u00bb use_theme_fonts=\u00a0\u00bbyes\u00a0\u00bb][\/vc_column_inner][vc_column_inner width=\u00a0\u00bb1\/4&Prime;][vc_single_image image=\u00a0\u00bb20879&Prime; img_size=\u00a0\u00bbmedium\u00a0\u00bb alignment=\u00a0\u00bbcenter\u00a0\u00bb][vc_custom_heading text=\u00a0\u00bbD\u00e9coupage\u00a0\u00bb font_container=\u00a0\u00bbtag:p|font_size:18px|text_align:center|color:%23424242|line_height:24px\u00a0\u00bb use_theme_fonts=\u00a0\u00bbyes\u00a0\u00bb][\/vc_column_inner][\/vc_row_inner][vc_row_inner css=\u00a0\u00bb.vc_custom_1503687502240{margin-top: 40px !important;}\u00a0\u00bb][vc_column_inner width=\u00a0\u00bb1\/4&Prime;][vc_single_image image=\u00a0\u00bb20869&Prime; img_size=\u00a0\u00bbmedium\u00a0\u00bb alignment=\u00a0\u00bbcenter\u00a0\u00bb][vc_custom_heading text=\u00a0\u00bbAssemblage\u00a0\u00bb font_container=\u00a0\u00bbtag:p|font_size:18px|text_align:center|color:%23424242|line_height:24px\u00a0\u00bb use_theme_fonts=\u00a0\u00bbyes\u00a0\u00bb][\/vc_column_inner][vc_column_inner width=\u00a0\u00bb1\/4&Prime;][vc_single_image image=\u00a0\u00bb20878&Prime; img_size=\u00a0\u00bbmedium\u00a0\u00bb alignment=\u00a0\u00bbcenter\u00a0\u00bb][vc_custom_heading text=\u00a0\u00bbFinition\u00a0\u00bb font_container=\u00a0\u00bbtag:p|font_size:18px|text_align:center|color:%23424242|line_height:24px\u00a0\u00bb use_theme_fonts=\u00a0\u00bbyes\u00a0\u00bb][\/vc_column_inner][vc_column_inner width=\u00a0\u00bb1\/4&Prime;][vc_single_image image=\u00a0\u00bb20877&Prime; img_size=\u00a0\u00bbmedium\u00a0\u00bb alignment=\u00a0\u00bbcenter\u00a0\u00bb][vc_custom_heading text=\u00a0\u00bbContr\u00f4le de Qualit\u00e9\u00a0\u00bb font_container=\u00a0\u00bbtag:p|font_size:18px|text_align:center|color:%23424242|line_height:24px\u00a0\u00bb use_theme_fonts=\u00a0\u00bbyes\u00a0\u00bb][\/vc_column_inner][vc_column_inner width=\u00a0\u00bb1\/4&Prime;][vc_single_image image=\u00a0\u00bb20885&Prime; img_size=\u00a0\u00bbmedium\u00a0\u00bb alignment=\u00a0\u00bbcenter\u00a0\u00bb][vc_custom_heading text=\u00a0\u00bbLivraison\u00a0\u00bb font_container=\u00a0\u00bbtag:p|font_size:18px|text_align:center|color:%23424242|line_height:24px\u00a0\u00bb use_theme_fonts=\u00a0\u00bbyes\u00a0\u00bb][\/vc_column_inner][\/vc_row_inner][\/vc_column][\/vc_row]<\/p>","protected":false},"excerpt":{"rendered":"<p>&#8230;<\/p>\n","protected":false},"author":1,"featured_media":0,"parent":0,"menu_order":0,"comment_status":"open","ping_status":"closed","template":"","meta":{"_monsterinsights_skip_tracking":false,"_monsterinsights_sitenote_active":false,"_monsterinsights_sitenote_note":"","_monsterinsights_sitenote_category":0,"footnotes":""},"class_list":["post-15529","page","type-page","status-publish","hentry"],"yoast_head":"<!-- This site is optimized with the Yoast SEO plugin v21.5 - https:\/\/yoast.com\/wordpress\/plugins\/seo\/ -->\n<title>SMSenra - Committed to Fashion - A fully qualified custom-made supplier<\/title>\n<meta name=\"description\" content=\"At SMSenra we offer custom-made apparel and solutions to the highest of standards in circular knitted industry. We are a fully qualified custom-made...\" \/>\n<meta name=\"robots\" content=\"index, follow, max-snippet:-1, max-image-preview:large, max-video-preview:-1\" \/>\n<link rel=\"canonical\" href=\"https:\/\/smsenra.com\/\" \/>\n<meta property=\"og:locale\" content=\"fr_FR\" \/>\n<meta property=\"og:type\" content=\"article\" \/>\n<meta property=\"og:title\" content=\"SMSenra - Committed to Fashion - A fully qualified custom-made supplier\" \/>\n<meta property=\"og:description\" content=\"At SMSenra we offer custom-made apparel and solutions to the highest of standards in circular knitted industry. We are a fully qualified custom-made...\" \/>\n<meta property=\"og:url\" content=\"https:\/\/smsenra.com\/\" \/>\n<meta property=\"og:site_name\" content=\"SMSenra\" \/>\n<meta property=\"article:modified_time\" content=\"2021-02-11T15:26:25+00:00\" \/>\n<meta name=\"twitter:card\" content=\"summary_large_image\" \/>\n<meta name=\"twitter:label1\" content=\"Dur\u00e9e de lecture estim\u00e9e\" \/>\n\t<meta name=\"twitter:data1\" content=\"10 minutes\" \/>\n<script type=\"application\/ld+json\" class=\"yoast-schema-graph\">{\"@context\":\"https:\/\/schema.org\",\"@graph\":[{\"@type\":\"WebPage\",\"@id\":\"https:\/\/smsenra.com\/\",\"url\":\"https:\/\/smsenra.com\/\",\"name\":\"SMSenra - Committed to Fashion - A fully qualified custom-made supplier\",\"isPartOf\":{\"@id\":\"https:\/\/smsenra.com\/#website\"},\"datePublished\":\"2014-02-26T12:49:33+00:00\",\"dateModified\":\"2021-02-11T15:26:25+00:00\",\"description\":\"At SMSenra we offer custom-made apparel and solutions to the highest of standards in circular knitted industry. We are a fully qualified custom-made...\",\"breadcrumb\":{\"@id\":\"https:\/\/smsenra.com\/#breadcrumb\"},\"inLanguage\":\"fr-FR\",\"potentialAction\":[{\"@type\":\"ReadAction\",\"target\":[\"https:\/\/smsenra.com\/\"]}]},{\"@type\":\"BreadcrumbList\",\"@id\":\"https:\/\/smsenra.com\/#breadcrumb\",\"itemListElement\":[{\"@type\":\"ListItem\",\"position\":1,\"name\":\"Home\",\"item\":\"https:\/\/smsenra.com\/\"},{\"@type\":\"ListItem\",\"position\":2,\"name\":\"SMSenra &#8211; Committed to Fashion\"}]},{\"@type\":\"WebSite\",\"@id\":\"https:\/\/smsenra.com\/#website\",\"url\":\"https:\/\/smsenra.com\/\",\"name\":\"SMSenra\",\"description\":\"- commited to Fashion\",\"publisher\":{\"@id\":\"https:\/\/smsenra.com\/#organization\"},\"potentialAction\":[{\"@type\":\"SearchAction\",\"target\":{\"@type\":\"EntryPoint\",\"urlTemplate\":\"https:\/\/smsenra.com\/?s={search_term_string}\"},\"query-input\":\"required name=search_term_string\"}],\"inLanguage\":\"fr-FR\"},{\"@type\":\"Organization\",\"@id\":\"https:\/\/smsenra.com\/#organization\",\"name\":\"SMSenra - Committed to Fashion\",\"url\":\"https:\/\/smsenra.com\/\",\"logo\":{\"@type\":\"ImageObject\",\"inLanguage\":\"fr-FR\",\"@id\":\"https:\/\/smsenra.com\/#\/schema\/logo\/image\/\",\"url\":\"https:\/\/smsenra.com\/wp-content\/uploads\/2017\/08\/smsenra-logo-355x100-1.png\",\"contentUrl\":\"https:\/\/smsenra.com\/wp-content\/uploads\/2017\/08\/smsenra-logo-355x100-1.png\",\"width\":335,\"height\":100,\"caption\":\"SMSenra - Committed to Fashion\"},\"image\":{\"@id\":\"https:\/\/smsenra.com\/#\/schema\/logo\/image\/\"},\"sameAs\":[\"https:\/\/www.linkedin.com\/company-beta\/11234883\/\"]}]}<\/script>\n<!-- \/ Yoast SEO plugin. -->","yoast_head_json":{"title":"SMSenra - Committed to Fashion - A fully qualified custom-made supplier","description":"At SMSenra we offer custom-made apparel and solutions to the highest of standards in circular knitted industry. We are a fully qualified custom-made...","robots":{"index":"index","follow":"follow","max-snippet":"max-snippet:-1","max-image-preview":"max-image-preview:large","max-video-preview":"max-video-preview:-1"},"canonical":"https:\/\/smsenra.com\/","og_locale":"fr_FR","og_type":"article","og_title":"SMSenra - Committed to Fashion - A fully qualified custom-made supplier","og_description":"At SMSenra we offer custom-made apparel and solutions to the highest of standards in circular knitted industry. We are a fully qualified custom-made...","og_url":"https:\/\/smsenra.com\/","og_site_name":"SMSenra","article_modified_time":"2021-02-11T15:26:25+00:00","twitter_card":"summary_large_image","twitter_misc":{"Dur\u00e9e de lecture estim\u00e9e":"10 minutes"},"schema":{"@context":"https:\/\/schema.org","@graph":[{"@type":"WebPage","@id":"https:\/\/smsenra.com\/","url":"https:\/\/smsenra.com\/","name":"SMSenra - Committed to Fashion - A fully qualified custom-made supplier","isPartOf":{"@id":"https:\/\/smsenra.com\/#website"},"datePublished":"2014-02-26T12:49:33+00:00","dateModified":"2021-02-11T15:26:25+00:00","description":"At SMSenra we offer custom-made apparel and solutions to the highest of standards in circular knitted industry. We are a fully qualified custom-made...","breadcrumb":{"@id":"https:\/\/smsenra.com\/#breadcrumb"},"inLanguage":"fr-FR","potentialAction":[{"@type":"ReadAction","target":["https:\/\/smsenra.com\/"]}]},{"@type":"BreadcrumbList","@id":"https:\/\/smsenra.com\/#breadcrumb","itemListElement":[{"@type":"ListItem","position":1,"name":"Home","item":"https:\/\/smsenra.com\/"},{"@type":"ListItem","position":2,"name":"SMSenra &#8211; Committed to Fashion"}]},{"@type":"WebSite","@id":"https:\/\/smsenra.com\/#website","url":"https:\/\/smsenra.com\/","name":"SMSenra","description":"- commited to Fashion","publisher":{"@id":"https:\/\/smsenra.com\/#organization"},"potentialAction":[{"@type":"SearchAction","target":{"@type":"EntryPoint","urlTemplate":"https:\/\/smsenra.com\/?s={search_term_string}"},"query-input":"required name=search_term_string"}],"inLanguage":"fr-FR"},{"@type":"Organization","@id":"https:\/\/smsenra.com\/#organization","name":"SMSenra - Committed to Fashion","url":"https:\/\/smsenra.com\/","logo":{"@type":"ImageObject","inLanguage":"fr-FR","@id":"https:\/\/smsenra.com\/#\/schema\/logo\/image\/","url":"https:\/\/smsenra.com\/wp-content\/uploads\/2017\/08\/smsenra-logo-355x100-1.png","contentUrl":"https:\/\/smsenra.com\/wp-content\/uploads\/2017\/08\/smsenra-logo-355x100-1.png","width":335,"height":100,"caption":"SMSenra - Committed to Fashion"},"image":{"@id":"https:\/\/smsenra.com\/#\/schema\/logo\/image\/"},"sameAs":["https:\/\/www.linkedin.com\/company-beta\/11234883\/"]}]}},"_links":{"self":[{"href":"https:\/\/smsenra.com\/fr\/wp-json\/wp\/v2\/pages\/15529","targetHints":{"allow":["GET"]}}],"collection":[{"href":"https:\/\/smsenra.com\/fr\/wp-json\/wp\/v2\/pages"}],"about":[{"href":"https:\/\/smsenra.com\/fr\/wp-json\/wp\/v2\/types\/page"}],"author":[{"embeddable":true,"href":"https:\/\/smsenra.com\/fr\/wp-json\/wp\/v2\/users\/1"}],"replies":[{"embeddable":true,"href":"https:\/\/smsenra.com\/fr\/wp-json\/wp\/v2\/comments?post=15529"}],"version-history":[{"count":0,"href":"https:\/\/smsenra.com\/fr\/wp-json\/wp\/v2\/pages\/15529\/revisions"}],"wp:attachment":[{"href":"https:\/\/smsenra.com\/fr\/wp-json\/wp\/v2\/media?parent=15529"}],"curies":[{"name":"wp","href":"https:\/\/api.w.org\/{rel}","templated":true}]}}