{"id":20962,"date":"2017-08-26T18:23:29","date_gmt":"2017-08-26T17:23:29","guid":{"rendered":"https:\/\/smsenra.com\/?page_id=20962"},"modified":"2025-06-03T10:04:45","modified_gmt":"2025-06-03T09:04:45","slug":"environment-certificates","status":"publish","type":"page","link":"https:\/\/smsenra.com\/es\/environment-certificates\/","title":{"rendered":"Medio Ambiente &#038; Certificados"},"content":{"rendered":"<p>[vc_row][vc_column][vc_custom_heading text=\u00bbNos Preocupamos Por El Medio Ambiente\u00bb font_container=\u00bbtag:h1|font_size:42|text_align:left\u00bb use_theme_fonts=\u00bbyes\u00bb][vc_custom_heading text=\u00bbSMSenra adopta pr\u00e1cticas sostenibles en todo el desarrollo de productos incluyendo la minimizaci\u00f3n y reciclaje de residuos y la eficiencia de sus recursos en la cadena de suministro local.\u00bb font_container=\u00bbtag:p|font_size:16px|text_align:left|color:%23193c5e|line_height:22px\u00bb google_fonts=\u00bbfont_family:Lato%3A100%2C100italic%2C300%2C300italic%2Cregular%2Citalic%2C700%2C700italic%2C900%2C900italic|font_style:700%20bold%20italic%3A700%3Aitalic\u00bb css=\u00bb.vc_custom_1504249720392{margin-top: 20px !important;}\u00bb][\/vc_column][\/vc_row][vc_row css=\u00bb.vc_custom_1504197382632{margin-top: 20px !important;}\u00bb][vc_column width=\u00bb1\/4&#8243;][vc_single_image image=\u00bb24031&#8243; img_size=\u00bblarge\u00bb onclick=\u00bbcustom_link\u00bb img_link_target=\u00bb_blank\u00bb link=\u00bbhttps:\/\/smsenra.com\/wp-content\/uploads\/2025\/06\/7286CIT_2025_EN.pdf\u00bb][\/vc_column][vc_column width=\u00bb3\/4&#8243;][vc_column_text]Aparte de racionalizar su consumo y reutilizar todos los materiales posibles, SMSenra tiene un programa de reciclaje que separa materiales como papel, pl\u00e1stico, bater\u00edas y tejidos.<\/p>\n<p>Igualmente, la ropa que suministramos tiene la certificaci\u00f3n OEKO-TEX\u00ae, que garantiza que las materias primas, los tejidos acabados y los accesorios utilizados se someten a pruebas de sustancias nocivas en todos los niveles de procesamiento. Estas pruebas tienen en cuenta su prop\u00f3sito y cuanto m\u00e1s pr\u00f3ximo sea el contacto con la piel de un producto, m\u00e1s estrictos son los requisitos humanos y ecol\u00f3gicos que deben cumplirse.<\/p>\n<p>Conjuntamente, estamos activamente comprometidos con la comunidad local apoyando eventos locales y organizaciones ben\u00e9ficas.[\/vc_column_text][vc_row_inner][vc_column_inner][vc_empty_space][\/vc_column_inner][\/vc_row_inner][vc_row_inner][vc_column_inner width=\u00bb1\/4&#8243;][vc_single_image image=\u00bb23964&#8243;][\/vc_column_inner][vc_column_inner width=\u00bb1\/4&#8243;][vc_single_image image=\u00bb24006&#8243; img_size=\u00bbmedium\u00bb alignment=\u00bbcenter\u00bb][\/vc_column_inner][vc_column_inner width=\u00bb1\/4&#8243;][vc_single_image image=\u00bb24004&#8243; img_size=\u00bb\u00bb][\/vc_column_inner][vc_column_inner width=\u00bb1\/4&#8243;][vc_single_image image=\u00bb23926&#8243; img_size=\u00bblarge\u00bb alignment=\u00bbright\u00bb][\/vc_column_inner][\/vc_row_inner][\/vc_column][\/vc_row]<\/p>","protected":false},"excerpt":{"rendered":"<p>&#8230;<\/p>\n","protected":false},"author":1,"featured_media":0,"parent":0,"menu_order":0,"comment_status":"closed","ping_status":"closed","template":"","meta":{"_monsterinsights_skip_tracking":false,"_monsterinsights_sitenote_active":false,"_monsterinsights_sitenote_note":"","_monsterinsights_sitenote_category":0,"footnotes":""},"class_list":["post-20962","page","type-page","status-publish","hentry"],"yoast_head":"<!-- This site is optimized with the Yoast SEO plugin v21.5 - https:\/\/yoast.com\/wordpress\/plugins\/seo\/ -->\n<title>Medio Ambiente &amp; Certificados - SMSenra<\/title>\n<meta name=\"robots\" content=\"index, follow, max-snippet:-1, max-image-preview:large, max-video-preview:-1\" \/>\n<link rel=\"canonical\" href=\"https:\/\/smsenra.com\/environment-certificates\/\" \/>\n<meta property=\"og:locale\" content=\"es_ES\" \/>\n<meta property=\"og:type\" content=\"article\" \/>\n<meta property=\"og:title\" content=\"Medio Ambiente &amp; Certificados - SMSenra\" \/>\n<meta property=\"og:description\" content=\"...\" \/>\n<meta property=\"og:url\" content=\"https:\/\/smsenra.com\/environment-certificates\/\" \/>\n<meta property=\"og:site_name\" content=\"SMSenra\" \/>\n<meta property=\"article:modified_time\" content=\"2025-06-03T09:04:45+00:00\" \/>\n<meta name=\"twitter:card\" content=\"summary_large_image\" \/>\n<meta name=\"twitter:label1\" content=\"Tiempo de lectura\" \/>\n\t<meta name=\"twitter:data1\" content=\"1 minuto\" \/>\n<script type=\"application\/ld+json\" class=\"yoast-schema-graph\">{\"@context\":\"https:\/\/schema.org\",\"@graph\":[{\"@type\":\"WebPage\",\"@id\":\"https:\/\/smsenra.com\/environment-certificates\/\",\"url\":\"https:\/\/smsenra.com\/environment-certificates\/\",\"name\":\"Medio Ambiente & Certificados - SMSenra\",\"isPartOf\":{\"@id\":\"https:\/\/smsenra.com\/#website\"},\"datePublished\":\"2017-08-26T17:23:29+00:00\",\"dateModified\":\"2025-06-03T09:04:45+00:00\",\"breadcrumb\":{\"@id\":\"https:\/\/smsenra.com\/environment-certificates\/#breadcrumb\"},\"inLanguage\":\"es\",\"potentialAction\":[{\"@type\":\"ReadAction\",\"target\":[\"https:\/\/smsenra.com\/environment-certificates\/\"]}]},{\"@type\":\"BreadcrumbList\",\"@id\":\"https:\/\/smsenra.com\/environment-certificates\/#breadcrumb\",\"itemListElement\":[{\"@type\":\"ListItem\",\"position\":1,\"name\":\"Home\",\"item\":\"https:\/\/smsenra.com\/\"},{\"@type\":\"ListItem\",\"position\":2,\"name\":\"Environment &#038; Certificates\"}]},{\"@type\":\"WebSite\",\"@id\":\"https:\/\/smsenra.com\/#website\",\"url\":\"https:\/\/smsenra.com\/\",\"name\":\"SMSenra\",\"description\":\"- commited to Fashion\",\"publisher\":{\"@id\":\"https:\/\/smsenra.com\/#organization\"},\"potentialAction\":[{\"@type\":\"SearchAction\",\"target\":{\"@type\":\"EntryPoint\",\"urlTemplate\":\"https:\/\/smsenra.com\/?s={search_term_string}\"},\"query-input\":\"required name=search_term_string\"}],\"inLanguage\":\"es\"},{\"@type\":\"Organization\",\"@id\":\"https:\/\/smsenra.com\/#organization\",\"name\":\"SMSenra - Committed to Fashion\",\"url\":\"https:\/\/smsenra.com\/\",\"logo\":{\"@type\":\"ImageObject\",\"inLanguage\":\"es\",\"@id\":\"https:\/\/smsenra.com\/#\/schema\/logo\/image\/\",\"url\":\"https:\/\/smsenra.com\/wp-content\/uploads\/2017\/08\/smsenra-logo-355x100-1.png\",\"contentUrl\":\"https:\/\/smsenra.com\/wp-content\/uploads\/2017\/08\/smsenra-logo-355x100-1.png\",\"width\":335,\"height\":100,\"caption\":\"SMSenra - Committed to Fashion\"},\"image\":{\"@id\":\"https:\/\/smsenra.com\/#\/schema\/logo\/image\/\"},\"sameAs\":[\"https:\/\/www.linkedin.com\/company-beta\/11234883\/\"]}]}<\/script>\n<!-- \/ Yoast SEO plugin. -->","yoast_head_json":{"title":"Medio Ambiente & Certificados - SMSenra","robots":{"index":"index","follow":"follow","max-snippet":"max-snippet:-1","max-image-preview":"max-image-preview:large","max-video-preview":"max-video-preview:-1"},"canonical":"https:\/\/smsenra.com\/environment-certificates\/","og_locale":"es_ES","og_type":"article","og_title":"Medio Ambiente & Certificados - SMSenra","og_description":"...","og_url":"https:\/\/smsenra.com\/environment-certificates\/","og_site_name":"SMSenra","article_modified_time":"2025-06-03T09:04:45+00:00","twitter_card":"summary_large_image","twitter_misc":{"Tiempo de lectura":"1 minuto"},"schema":{"@context":"https:\/\/schema.org","@graph":[{"@type":"WebPage","@id":"https:\/\/smsenra.com\/environment-certificates\/","url":"https:\/\/smsenra.com\/environment-certificates\/","name":"Medio Ambiente & Certificados - SMSenra","isPartOf":{"@id":"https:\/\/smsenra.com\/#website"},"datePublished":"2017-08-26T17:23:29+00:00","dateModified":"2025-06-03T09:04:45+00:00","breadcrumb":{"@id":"https:\/\/smsenra.com\/environment-certificates\/#breadcrumb"},"inLanguage":"es","potentialAction":[{"@type":"ReadAction","target":["https:\/\/smsenra.com\/environment-certificates\/"]}]},{"@type":"BreadcrumbList","@id":"https:\/\/smsenra.com\/environment-certificates\/#breadcrumb","itemListElement":[{"@type":"ListItem","position":1,"name":"Home","item":"https:\/\/smsenra.com\/"},{"@type":"ListItem","position":2,"name":"Environment &#038; Certificates"}]},{"@type":"WebSite","@id":"https:\/\/smsenra.com\/#website","url":"https:\/\/smsenra.com\/","name":"SMSenra","description":"- commited to Fashion","publisher":{"@id":"https:\/\/smsenra.com\/#organization"},"potentialAction":[{"@type":"SearchAction","target":{"@type":"EntryPoint","urlTemplate":"https:\/\/smsenra.com\/?s={search_term_string}"},"query-input":"required name=search_term_string"}],"inLanguage":"es"},{"@type":"Organization","@id":"https:\/\/smsenra.com\/#organization","name":"SMSenra - Committed to Fashion","url":"https:\/\/smsenra.com\/","logo":{"@type":"ImageObject","inLanguage":"es","@id":"https:\/\/smsenra.com\/#\/schema\/logo\/image\/","url":"https:\/\/smsenra.com\/wp-content\/uploads\/2017\/08\/smsenra-logo-355x100-1.png","contentUrl":"https:\/\/smsenra.com\/wp-content\/uploads\/2017\/08\/smsenra-logo-355x100-1.png","width":335,"height":100,"caption":"SMSenra - Committed to Fashion"},"image":{"@id":"https:\/\/smsenra.com\/#\/schema\/logo\/image\/"},"sameAs":["https:\/\/www.linkedin.com\/company-beta\/11234883\/"]}]}},"_links":{"self":[{"href":"https:\/\/smsenra.com\/es\/wp-json\/wp\/v2\/pages\/20962","targetHints":{"allow":["GET"]}}],"collection":[{"href":"https:\/\/smsenra.com\/es\/wp-json\/wp\/v2\/pages"}],"about":[{"href":"https:\/\/smsenra.com\/es\/wp-json\/wp\/v2\/types\/page"}],"author":[{"embeddable":true,"href":"https:\/\/smsenra.com\/es\/wp-json\/wp\/v2\/users\/1"}],"replies":[{"embeddable":true,"href":"https:\/\/smsenra.com\/es\/wp-json\/wp\/v2\/comments?post=20962"}],"version-history":[{"count":12,"href":"https:\/\/smsenra.com\/es\/wp-json\/wp\/v2\/pages\/20962\/revisions"}],"predecessor-version":[{"id":24035,"href":"https:\/\/smsenra.com\/es\/wp-json\/wp\/v2\/pages\/20962\/revisions\/24035"}],"wp:attachment":[{"href":"https:\/\/smsenra.com\/es\/wp-json\/wp\/v2\/media?parent=20962"}],"curies":[{"name":"wp","href":"https:\/\/api.w.org\/{rel}","templated":true}]}}