{"id":20945,"date":"2017-08-26T17:09:41","date_gmt":"2017-08-26T16:09:41","guid":{"rendered":"https:\/\/smsenra.com\/?page_id=20945"},"modified":"2017-09-01T07:57:12","modified_gmt":"2017-09-01T06:57:12","slug":"production-services","status":"publish","type":"page","link":"https:\/\/smsenra.com\/es\/production-services\/","title":{"rendered":"Producci\u00f3n &#038; Servicios"},"content":{"rendered":"<p>[vc_row][vc_column][vc_custom_heading text=\u00bbNuestros Clientes Son Nuestro Mayor Activo\u00bb font_container=\u00bbtag:h1|font_size:42px|text_align:left\u00bb use_theme_fonts=\u00bbyes\u00bb][vc_custom_heading text=\u00bbNuestros clientes son nuestro mayor activo, por lo que su satisfacci\u00f3n es nuestro objetivo principal.Por consiguiente estamos comprometidos a ofrecer un servicio eficaz y profesional que incluye:\u00bb font_container=\u00bbtag:p|font_size:16px|text_align:left|color:%23193c5e\u00bb use_theme_fonts=\u00bbyes\u00bb][\/vc_column][\/vc_row][vc_row css=\u00bb.vc_custom_1504198840205{margin-top: 20px !important;}\u00bb][vc_column width=\u00bb1\/6&#8243;][vc_row_inner][vc_column_inner width=\u00bb1\/3&#8243;][\/vc_column_inner][vc_column_inner width=\u00bb1\/3&#8243;][\/vc_column_inner][vc_column_inner width=\u00bb1\/3&#8243;][vc_single_image image=\u00bb20884&#8243; img_size=\u00bb40&#215;37&#8243; alignment=\u00bbcenter\u00bb][\/vc_column_inner][\/vc_row_inner][\/vc_column][vc_column width=\u00bb2\/3&#8243;][vc_custom_heading text=\u00bbBusca de Tejidos;\u00bb font_container=\u00bbtag:p|font_size:18px|text_align:left|color:%23193c5e\u00bb use_theme_fonts=\u00bbyes\u00bb][\/vc_column][vc_column width=\u00bb1\/6&#8243;][\/vc_column][\/vc_row][vc_row][vc_column width=\u00bb1\/6&#8243;][vc_row_inner][vc_column_inner width=\u00bb1\/3&#8243;][\/vc_column_inner][vc_column_inner width=\u00bb1\/3&#8243;][\/vc_column_inner][vc_column_inner width=\u00bb1\/3&#8243;][vc_single_image image=\u00bb20880&#8243; img_size=\u00bb40&#215;37&#8243; alignment=\u00bbcenter\u00bb][\/vc_column_inner][\/vc_row_inner][\/vc_column][vc_column width=\u00bb2\/3&#8243;][vc_custom_heading text=\u00bbPatronaje;\u00bb font_container=\u00bbtag:p|font_size:18px|text_align:left|color:%23193c5e\u00bb use_theme_fonts=\u00bbyes\u00bb][\/vc_column][vc_column width=\u00bb1\/6&#8243;][\/vc_column][\/vc_row][vc_row][vc_column width=\u00bb1\/6&#8243;][vc_row_inner][vc_column_inner width=\u00bb1\/3&#8243;][\/vc_column_inner][vc_column_inner width=\u00bb1\/3&#8243;][\/vc_column_inner][vc_column_inner width=\u00bb1\/3&#8243;][vc_single_image image=\u00bb23868&#8243; img_size=\u00bb40&#215;37&#8243; alignment=\u00bbcenter\u00bb][\/vc_column_inner][\/vc_row_inner][\/vc_column][vc_column width=\u00bb2\/3&#8243;][vc_custom_heading text=\u00bbDesarrollo de Muestras para Fitting y Muestrario;\u00bb font_container=\u00bbtag:p|font_size:18px|text_align:left|color:%23193c5e\u00bb use_theme_fonts=\u00bbyes\u00bb][\/vc_column][vc_column width=\u00bb1\/6&#8243;][\/vc_column][\/vc_row][vc_row][vc_column width=\u00bb1\/6&#8243;][vc_row_inner][vc_column_inner width=\u00bb1\/3&#8243;][\/vc_column_inner][vc_column_inner width=\u00bb1\/3&#8243;][\/vc_column_inner][vc_column_inner width=\u00bb1\/3&#8243;][vc_single_image image=\u00bb23870&#8243; img_size=\u00bb40&#215;37&#8243; alignment=\u00bbcenter\u00bb][\/vc_column_inner][\/vc_row_inner][\/vc_column][vc_column width=\u00bb2\/3&#8243;][vc_custom_heading text=\u00bbDesarrollo de Prints, Bordados y Etiquetas Personalizadas;\u00bb font_container=\u00bbtag:p|font_size:18px|text_align:left|color:%23193c5e\u00bb use_theme_fonts=\u00bbyes\u00bb][\/vc_column][vc_column width=\u00bb1\/6&#8243;][\/vc_column][\/vc_row][vc_row][vc_column width=\u00bb1\/6&#8243;][vc_row_inner][vc_column_inner width=\u00bb1\/3&#8243;][\/vc_column_inner][vc_column_inner width=\u00bb1\/3&#8243;][\/vc_column_inner][vc_column_inner width=\u00bb1\/3&#8243;][vc_single_image image=\u00bb20877&#8243; img_size=\u00bb40&#215;37&#8243; alignment=\u00bbcenter\u00bb][\/vc_column_inner][\/vc_row_inner][\/vc_column][vc_column width=\u00bb2\/3&#8243;][vc_custom_heading text=\u00bbControl de Calidad y Evaluaci\u00f3n T\u00e9cnica.\u00bb font_container=\u00bbtag:p|font_size:18px|text_align:left|color:%23193c5e\u00bb use_theme_fonts=\u00bbyes\u00bb][\/vc_column][vc_column width=\u00bb1\/6&#8243;][\/vc_column][\/vc_row][vc_row css=\u00bb.vc_custom_1503825517429{margin-top: 30px !important;}\u00bb][vc_column][vc_column_text]Teniendo en cuenta un eficaz flujo de producci\u00f3n, SMSenra puede suministrar hasta 25.000pc\/mes, aprovechando todas las oportunidades tecnol\u00f3gicas y respetando los criterios medioambientales.<\/p>\n<p>Las medidas de control de calidad, incluyendo la inspecci\u00f3n de materias primas y el control continuo AQL aplicados al largo de la producci\u00f3n, permite a SMSenra monitorear cada etapa de la cadena de suministro y asegurar una producci\u00f3n sin contrariedades.<\/p>\n<p><span style=\"color: #003366;\"><em><strong>El suministro de moda de forma r\u00e1pida, calidad m\u00e1xima y con principios de mejora continua de procesos, est\u00e1 cubierto por un equipo de experimentados Key Account Managers y Controladores de Calidad que garantizan buenas pr\u00e1cticas para una gesti\u00f3n empresarial sostenible.<\/strong><\/em><\/span>[\/vc_column_text][\/vc_column][\/vc_row]<\/p>","protected":false},"excerpt":{"rendered":"<p>&#8230;<\/p>\n","protected":false},"author":1,"featured_media":0,"parent":0,"menu_order":0,"comment_status":"closed","ping_status":"closed","template":"","meta":{"_monsterinsights_skip_tracking":false,"_monsterinsights_sitenote_active":false,"_monsterinsights_sitenote_note":"","_monsterinsights_sitenote_category":0,"footnotes":""},"class_list":["post-20945","page","type-page","status-publish","hentry"],"yoast_head":"<!-- This site is optimized with the Yoast SEO plugin v21.5 - https:\/\/yoast.com\/wordpress\/plugins\/seo\/ -->\n<title>Producci\u00f3n &amp; Servicios - SMSenra<\/title>\n<meta name=\"robots\" content=\"index, follow, max-snippet:-1, max-image-preview:large, max-video-preview:-1\" \/>\n<link rel=\"canonical\" href=\"https:\/\/smsenra.com\/production-services\/\" \/>\n<meta property=\"og:locale\" content=\"es_ES\" \/>\n<meta property=\"og:type\" content=\"article\" \/>\n<meta property=\"og:title\" content=\"Producci\u00f3n &amp; Servicios - SMSenra\" \/>\n<meta property=\"og:description\" content=\"...\" \/>\n<meta property=\"og:url\" content=\"https:\/\/smsenra.com\/production-services\/\" \/>\n<meta property=\"og:site_name\" content=\"SMSenra\" \/>\n<meta property=\"article:modified_time\" content=\"2017-09-01T06:57:12+00:00\" \/>\n<meta name=\"twitter:card\" content=\"summary_large_image\" \/>\n<meta name=\"twitter:label1\" content=\"Tiempo de lectura\" \/>\n\t<meta name=\"twitter:data1\" content=\"10 minutos\" \/>\n<script type=\"application\/ld+json\" class=\"yoast-schema-graph\">{\"@context\":\"https:\/\/schema.org\",\"@graph\":[{\"@type\":\"WebPage\",\"@id\":\"https:\/\/smsenra.com\/production-services\/\",\"url\":\"https:\/\/smsenra.com\/production-services\/\",\"name\":\"Producci\u00f3n & Servicios - SMSenra\",\"isPartOf\":{\"@id\":\"https:\/\/smsenra.com\/#website\"},\"datePublished\":\"2017-08-26T16:09:41+00:00\",\"dateModified\":\"2017-09-01T06:57:12+00:00\",\"breadcrumb\":{\"@id\":\"https:\/\/smsenra.com\/production-services\/#breadcrumb\"},\"inLanguage\":\"es\",\"potentialAction\":[{\"@type\":\"ReadAction\",\"target\":[\"https:\/\/smsenra.com\/production-services\/\"]}]},{\"@type\":\"BreadcrumbList\",\"@id\":\"https:\/\/smsenra.com\/production-services\/#breadcrumb\",\"itemListElement\":[{\"@type\":\"ListItem\",\"position\":1,\"name\":\"Home\",\"item\":\"https:\/\/smsenra.com\/\"},{\"@type\":\"ListItem\",\"position\":2,\"name\":\"Production &#038; Services\"}]},{\"@type\":\"WebSite\",\"@id\":\"https:\/\/smsenra.com\/#website\",\"url\":\"https:\/\/smsenra.com\/\",\"name\":\"SMSenra\",\"description\":\"- commited to Fashion\",\"publisher\":{\"@id\":\"https:\/\/smsenra.com\/#organization\"},\"potentialAction\":[{\"@type\":\"SearchAction\",\"target\":{\"@type\":\"EntryPoint\",\"urlTemplate\":\"https:\/\/smsenra.com\/?s={search_term_string}\"},\"query-input\":\"required name=search_term_string\"}],\"inLanguage\":\"es\"},{\"@type\":\"Organization\",\"@id\":\"https:\/\/smsenra.com\/#organization\",\"name\":\"SMSenra - Committed to Fashion\",\"url\":\"https:\/\/smsenra.com\/\",\"logo\":{\"@type\":\"ImageObject\",\"inLanguage\":\"es\",\"@id\":\"https:\/\/smsenra.com\/#\/schema\/logo\/image\/\",\"url\":\"https:\/\/smsenra.com\/wp-content\/uploads\/2017\/08\/smsenra-logo-355x100-1.png\",\"contentUrl\":\"https:\/\/smsenra.com\/wp-content\/uploads\/2017\/08\/smsenra-logo-355x100-1.png\",\"width\":335,\"height\":100,\"caption\":\"SMSenra - Committed to Fashion\"},\"image\":{\"@id\":\"https:\/\/smsenra.com\/#\/schema\/logo\/image\/\"},\"sameAs\":[\"https:\/\/www.linkedin.com\/company-beta\/11234883\/\"]}]}<\/script>\n<!-- \/ Yoast SEO plugin. -->","yoast_head_json":{"title":"Producci\u00f3n & Servicios - SMSenra","robots":{"index":"index","follow":"follow","max-snippet":"max-snippet:-1","max-image-preview":"max-image-preview:large","max-video-preview":"max-video-preview:-1"},"canonical":"https:\/\/smsenra.com\/production-services\/","og_locale":"es_ES","og_type":"article","og_title":"Producci\u00f3n & Servicios - SMSenra","og_description":"...","og_url":"https:\/\/smsenra.com\/production-services\/","og_site_name":"SMSenra","article_modified_time":"2017-09-01T06:57:12+00:00","twitter_card":"summary_large_image","twitter_misc":{"Tiempo de lectura":"10 minutos"},"schema":{"@context":"https:\/\/schema.org","@graph":[{"@type":"WebPage","@id":"https:\/\/smsenra.com\/production-services\/","url":"https:\/\/smsenra.com\/production-services\/","name":"Producci\u00f3n & Servicios - SMSenra","isPartOf":{"@id":"https:\/\/smsenra.com\/#website"},"datePublished":"2017-08-26T16:09:41+00:00","dateModified":"2017-09-01T06:57:12+00:00","breadcrumb":{"@id":"https:\/\/smsenra.com\/production-services\/#breadcrumb"},"inLanguage":"es","potentialAction":[{"@type":"ReadAction","target":["https:\/\/smsenra.com\/production-services\/"]}]},{"@type":"BreadcrumbList","@id":"https:\/\/smsenra.com\/production-services\/#breadcrumb","itemListElement":[{"@type":"ListItem","position":1,"name":"Home","item":"https:\/\/smsenra.com\/"},{"@type":"ListItem","position":2,"name":"Production &#038; Services"}]},{"@type":"WebSite","@id":"https:\/\/smsenra.com\/#website","url":"https:\/\/smsenra.com\/","name":"SMSenra","description":"- commited to Fashion","publisher":{"@id":"https:\/\/smsenra.com\/#organization"},"potentialAction":[{"@type":"SearchAction","target":{"@type":"EntryPoint","urlTemplate":"https:\/\/smsenra.com\/?s={search_term_string}"},"query-input":"required name=search_term_string"}],"inLanguage":"es"},{"@type":"Organization","@id":"https:\/\/smsenra.com\/#organization","name":"SMSenra - Committed to Fashion","url":"https:\/\/smsenra.com\/","logo":{"@type":"ImageObject","inLanguage":"es","@id":"https:\/\/smsenra.com\/#\/schema\/logo\/image\/","url":"https:\/\/smsenra.com\/wp-content\/uploads\/2017\/08\/smsenra-logo-355x100-1.png","contentUrl":"https:\/\/smsenra.com\/wp-content\/uploads\/2017\/08\/smsenra-logo-355x100-1.png","width":335,"height":100,"caption":"SMSenra - Committed to Fashion"},"image":{"@id":"https:\/\/smsenra.com\/#\/schema\/logo\/image\/"},"sameAs":["https:\/\/www.linkedin.com\/company-beta\/11234883\/"]}]}},"_links":{"self":[{"href":"https:\/\/smsenra.com\/es\/wp-json\/wp\/v2\/pages\/20945","targetHints":{"allow":["GET"]}}],"collection":[{"href":"https:\/\/smsenra.com\/es\/wp-json\/wp\/v2\/pages"}],"about":[{"href":"https:\/\/smsenra.com\/es\/wp-json\/wp\/v2\/types\/page"}],"author":[{"embeddable":true,"href":"https:\/\/smsenra.com\/es\/wp-json\/wp\/v2\/users\/1"}],"replies":[{"embeddable":true,"href":"https:\/\/smsenra.com\/es\/wp-json\/wp\/v2\/comments?post=20945"}],"version-history":[{"count":0,"href":"https:\/\/smsenra.com\/es\/wp-json\/wp\/v2\/pages\/20945\/revisions"}],"wp:attachment":[{"href":"https:\/\/smsenra.com\/es\/wp-json\/wp\/v2\/media?parent=20945"}],"curies":[{"name":"wp","href":"https:\/\/api.w.org\/{rel}","templated":true}]}}