{"id":20925,"date":"2017-08-26T09:11:37","date_gmt":"2017-08-26T08:11:37","guid":{"rendered":"https:\/\/smsenra.com\/?page_id=20925"},"modified":"2017-09-01T07:43:15","modified_gmt":"2017-09-01T06:43:15","slug":"products","status":"publish","type":"page","link":"https:\/\/smsenra.com\/es\/products\/","title":{"rendered":"Productos"},"content":{"rendered":"<p>[vc_row][vc_column][vc_custom_heading text=\u00bbSoluciones Creativas y Personalizadas \u00bb font_container=\u00bbtag:h1|font_size:42|text_align:left\u00bb use_theme_fonts=\u00bbyes\u00bb][\/vc_column][\/vc_row][vc_row css=\u00bb.vc_custom_1504196396115{margin-top: 30px !important;}\u00bb][vc_column width=\u00bb1\/3&#8243;][vc_gallery type=\u00bbnivo\u00bb interval=\u00bb5&#8243; images=\u00bb23838,23853,23847,23852,23842,23855,23844,23854,23845,23846,23843,23841,23840,23839,23837,23836&#8243; img_size=\u00bblarge\u00bb][\/vc_column][vc_column width=\u00bb2\/3&#8243;][vc_custom_heading text=\u00bbSMSenra ofrece a sus clientes soluciones creativas y personalizadas que apoyan su crecimiento y \u00e9xito.\u00bb font_container=\u00bbtag:p|font_size:16px|text_align:left|color:%23193c5e\u00bb use_theme_fonts=\u00bbyes\u00bb][vc_column_text]A partir de una ficha t\u00e9cnica, fotograf\u00eda o incluso de una prenda acabada, desarrollamos productos personalizados en calidades de punto circular para l\u00ednea de Mujer y Hombre.<\/p>\n<p><span style=\"color: #003366;\"><strong>Con una amplia gama de calidades de punto circular, nuestra cartera de productos incluye Camisetas &amp; Tops, Vestidos, Polos, Sudaderas, Pantalones, Monos y otros modelos que las marcas quieran explorar en jersey.<\/strong><\/span><\/p>\n<p>Adem\u00e1s, los prints personalizados, los bordados y los detalles hechos a mano se pueden aplicar f\u00e1cilmente.<\/p>\n<p>Para lograr las expectativas de nuestros clientes, todos los detalles y objetivos de dise\u00f1o deben tenerse en cuenta al largo del proceso de desarrollo.[\/vc_column_text][\/vc_column][\/vc_row][vc_row][vc_column][vc_empty_space][\/vc_column][\/vc_row]<\/p>","protected":false},"excerpt":{"rendered":"<p>&#8230;<\/p>\n","protected":false},"author":1,"featured_media":0,"parent":0,"menu_order":0,"comment_status":"closed","ping_status":"closed","template":"","meta":{"_monsterinsights_skip_tracking":false,"_monsterinsights_sitenote_active":false,"_monsterinsights_sitenote_note":"","_monsterinsights_sitenote_category":0,"footnotes":""},"class_list":["post-20925","page","type-page","status-publish","hentry"],"yoast_head":"<!-- This site is optimized with the Yoast SEO plugin v21.5 - https:\/\/yoast.com\/wordpress\/plugins\/seo\/ -->\n<title>Productos - SMSenra<\/title>\n<meta name=\"robots\" content=\"index, follow, max-snippet:-1, max-image-preview:large, max-video-preview:-1\" \/>\n<link rel=\"canonical\" href=\"https:\/\/smsenra.com\/products\/\" \/>\n<meta property=\"og:locale\" content=\"es_ES\" \/>\n<meta property=\"og:type\" content=\"article\" \/>\n<meta property=\"og:title\" content=\"Productos - SMSenra\" \/>\n<meta property=\"og:description\" content=\"...\" \/>\n<meta property=\"og:url\" content=\"https:\/\/smsenra.com\/products\/\" \/>\n<meta property=\"og:site_name\" content=\"SMSenra\" \/>\n<meta property=\"article:modified_time\" content=\"2017-09-01T06:43:15+00:00\" \/>\n<meta name=\"twitter:card\" content=\"summary_large_image\" \/>\n<meta name=\"twitter:label1\" content=\"Tiempo de lectura\" \/>\n\t<meta name=\"twitter:data1\" content=\"3 minutos\" \/>\n<script type=\"application\/ld+json\" class=\"yoast-schema-graph\">{\"@context\":\"https:\/\/schema.org\",\"@graph\":[{\"@type\":\"WebPage\",\"@id\":\"https:\/\/smsenra.com\/products\/\",\"url\":\"https:\/\/smsenra.com\/products\/\",\"name\":\"Productos - SMSenra\",\"isPartOf\":{\"@id\":\"https:\/\/smsenra.com\/#website\"},\"datePublished\":\"2017-08-26T08:11:37+00:00\",\"dateModified\":\"2017-09-01T06:43:15+00:00\",\"breadcrumb\":{\"@id\":\"https:\/\/smsenra.com\/products\/#breadcrumb\"},\"inLanguage\":\"es\",\"potentialAction\":[{\"@type\":\"ReadAction\",\"target\":[\"https:\/\/smsenra.com\/products\/\"]}]},{\"@type\":\"BreadcrumbList\",\"@id\":\"https:\/\/smsenra.com\/products\/#breadcrumb\",\"itemListElement\":[{\"@type\":\"ListItem\",\"position\":1,\"name\":\"Home\",\"item\":\"https:\/\/smsenra.com\/\"},{\"@type\":\"ListItem\",\"position\":2,\"name\":\"Products\"}]},{\"@type\":\"WebSite\",\"@id\":\"https:\/\/smsenra.com\/#website\",\"url\":\"https:\/\/smsenra.com\/\",\"name\":\"SMSenra\",\"description\":\"- commited to Fashion\",\"publisher\":{\"@id\":\"https:\/\/smsenra.com\/#organization\"},\"potentialAction\":[{\"@type\":\"SearchAction\",\"target\":{\"@type\":\"EntryPoint\",\"urlTemplate\":\"https:\/\/smsenra.com\/?s={search_term_string}\"},\"query-input\":\"required name=search_term_string\"}],\"inLanguage\":\"es\"},{\"@type\":\"Organization\",\"@id\":\"https:\/\/smsenra.com\/#organization\",\"name\":\"SMSenra - Committed to Fashion\",\"url\":\"https:\/\/smsenra.com\/\",\"logo\":{\"@type\":\"ImageObject\",\"inLanguage\":\"es\",\"@id\":\"https:\/\/smsenra.com\/#\/schema\/logo\/image\/\",\"url\":\"https:\/\/smsenra.com\/wp-content\/uploads\/2017\/08\/smsenra-logo-355x100-1.png\",\"contentUrl\":\"https:\/\/smsenra.com\/wp-content\/uploads\/2017\/08\/smsenra-logo-355x100-1.png\",\"width\":335,\"height\":100,\"caption\":\"SMSenra - Committed to Fashion\"},\"image\":{\"@id\":\"https:\/\/smsenra.com\/#\/schema\/logo\/image\/\"},\"sameAs\":[\"https:\/\/www.linkedin.com\/company-beta\/11234883\/\"]}]}<\/script>\n<!-- \/ Yoast SEO plugin. -->","yoast_head_json":{"title":"Productos - SMSenra","robots":{"index":"index","follow":"follow","max-snippet":"max-snippet:-1","max-image-preview":"max-image-preview:large","max-video-preview":"max-video-preview:-1"},"canonical":"https:\/\/smsenra.com\/products\/","og_locale":"es_ES","og_type":"article","og_title":"Productos - SMSenra","og_description":"...","og_url":"https:\/\/smsenra.com\/products\/","og_site_name":"SMSenra","article_modified_time":"2017-09-01T06:43:15+00:00","twitter_card":"summary_large_image","twitter_misc":{"Tiempo de lectura":"3 minutos"},"schema":{"@context":"https:\/\/schema.org","@graph":[{"@type":"WebPage","@id":"https:\/\/smsenra.com\/products\/","url":"https:\/\/smsenra.com\/products\/","name":"Productos - SMSenra","isPartOf":{"@id":"https:\/\/smsenra.com\/#website"},"datePublished":"2017-08-26T08:11:37+00:00","dateModified":"2017-09-01T06:43:15+00:00","breadcrumb":{"@id":"https:\/\/smsenra.com\/products\/#breadcrumb"},"inLanguage":"es","potentialAction":[{"@type":"ReadAction","target":["https:\/\/smsenra.com\/products\/"]}]},{"@type":"BreadcrumbList","@id":"https:\/\/smsenra.com\/products\/#breadcrumb","itemListElement":[{"@type":"ListItem","position":1,"name":"Home","item":"https:\/\/smsenra.com\/"},{"@type":"ListItem","position":2,"name":"Products"}]},{"@type":"WebSite","@id":"https:\/\/smsenra.com\/#website","url":"https:\/\/smsenra.com\/","name":"SMSenra","description":"- commited to Fashion","publisher":{"@id":"https:\/\/smsenra.com\/#organization"},"potentialAction":[{"@type":"SearchAction","target":{"@type":"EntryPoint","urlTemplate":"https:\/\/smsenra.com\/?s={search_term_string}"},"query-input":"required name=search_term_string"}],"inLanguage":"es"},{"@type":"Organization","@id":"https:\/\/smsenra.com\/#organization","name":"SMSenra - Committed to Fashion","url":"https:\/\/smsenra.com\/","logo":{"@type":"ImageObject","inLanguage":"es","@id":"https:\/\/smsenra.com\/#\/schema\/logo\/image\/","url":"https:\/\/smsenra.com\/wp-content\/uploads\/2017\/08\/smsenra-logo-355x100-1.png","contentUrl":"https:\/\/smsenra.com\/wp-content\/uploads\/2017\/08\/smsenra-logo-355x100-1.png","width":335,"height":100,"caption":"SMSenra - Committed to Fashion"},"image":{"@id":"https:\/\/smsenra.com\/#\/schema\/logo\/image\/"},"sameAs":["https:\/\/www.linkedin.com\/company-beta\/11234883\/"]}]}},"_links":{"self":[{"href":"https:\/\/smsenra.com\/es\/wp-json\/wp\/v2\/pages\/20925","targetHints":{"allow":["GET"]}}],"collection":[{"href":"https:\/\/smsenra.com\/es\/wp-json\/wp\/v2\/pages"}],"about":[{"href":"https:\/\/smsenra.com\/es\/wp-json\/wp\/v2\/types\/page"}],"author":[{"embeddable":true,"href":"https:\/\/smsenra.com\/es\/wp-json\/wp\/v2\/users\/1"}],"replies":[{"embeddable":true,"href":"https:\/\/smsenra.com\/es\/wp-json\/wp\/v2\/comments?post=20925"}],"version-history":[{"count":0,"href":"https:\/\/smsenra.com\/es\/wp-json\/wp\/v2\/pages\/20925\/revisions"}],"wp:attachment":[{"href":"https:\/\/smsenra.com\/es\/wp-json\/wp\/v2\/media?parent=20925"}],"curies":[{"name":"wp","href":"https:\/\/api.w.org\/{rel}","templated":true}]}}