{"id":20895,"date":"2017-08-26T07:57:16","date_gmt":"2017-08-26T06:57:16","guid":{"rendered":"https:\/\/smsenra.com\/?page_id=20895"},"modified":"2017-09-01T07:21:50","modified_gmt":"2017-09-01T06:21:50","slug":"meet-smsenra","status":"publish","type":"page","link":"https:\/\/smsenra.com\/es\/meet-smsenra\/","title":{"rendered":"Nosotros"},"content":{"rendered":"<p>[vc_row][vc_column][vc_custom_heading text=\u00bbSobre Nosotros\u00bb font_container=\u00bbtag:h1|font_size:42px|text_align:left\u00bb use_theme_fonts=\u00bbyes\u00bb css=\u00bb.vc_custom_1504246731042{margin-top: 20px !important;}\u00bb][\/vc_column][\/vc_row][vc_row][vc_column width=\u00bb1\/2&#8243;][vc_empty_space height=\u00bb55px\u00bb][vc_gallery type=\u00bbnivo\u00bb interval=\u00bb5&#8243; images=\u00bb23883,23882,23880,23881,23879&#8243; onclick=\u00bblink_no\u00bb img_size=\u00bbfull\u00bb][vc_empty_space][\/vc_column][vc_column width=\u00bb1\/2&#8243;][vc_custom_heading text=\u00bbComprometidos con la Moda\u00bb font_container=\u00bbtag:h2|font_size:34px|text_align:left|color:%23193c5e|line_height:40px\u00bb use_theme_fonts=\u00bbyes\u00bb][vc_column_text]En SMSenra ofrecemos prendas en punto circular en y soluciones a la medida de los m\u00e1s altos est\u00e1ndares de la industria de vestuario.<\/p>\n<p><span style=\"color: #003366;\"><strong>Somos un proveedor con m\u00e1s de 30 a\u00f1os de experiencia y sede en Porto, Portugal. Actualmente exportamos 95% de nuestros productos para 10 pa\u00edses, incluyendo Reino Unido, Francia e Italia.<\/strong><\/span><\/p>\n<p>SMSenra est\u00e1 especializada en el uso de materias primas de valor a\u00f1adido y provista de un equipo creativo que busca soluciones para flujos de producci\u00f3n y que nos permite entregar productos de calidad en cortos plazos.<br \/>\nAdem\u00e1s, nuestras alianzas comerciales con otras empresas textiles clave nos permiten presentar y entregar a nuestros clientes las \u00faltimas tendencias en tejidos, estampados y bordados.<\/p>\n<p>Nuestro objetivo es lograr las expectativas de los clientes ofreciendo productos elegantes, r\u00e1pido servicio, flexibilidad, y por lo tanto, optimizar la eficiencia de nuestra oferta.[\/vc_column_text][\/vc_column][\/vc_row][vc_row][vc_column][vc_empty_space][\/vc_column][\/vc_row]<\/p>","protected":false},"excerpt":{"rendered":"<p>&#8230;<\/p>\n","protected":false},"author":1,"featured_media":0,"parent":0,"menu_order":0,"comment_status":"closed","ping_status":"closed","template":"","meta":{"_monsterinsights_skip_tracking":false,"_monsterinsights_sitenote_active":false,"_monsterinsights_sitenote_note":"","_monsterinsights_sitenote_category":0,"footnotes":""},"class_list":["post-20895","page","type-page","status-publish","hentry"],"yoast_head":"<!-- This site is optimized with the Yoast SEO plugin v21.5 - https:\/\/yoast.com\/wordpress\/plugins\/seo\/ -->\n<title>Nosotros - SMSenra<\/title>\n<meta name=\"robots\" content=\"index, follow, max-snippet:-1, max-image-preview:large, max-video-preview:-1\" \/>\n<link rel=\"canonical\" href=\"https:\/\/smsenra.com\/meet-smsenra\/\" \/>\n<meta property=\"og:locale\" content=\"es_ES\" \/>\n<meta property=\"og:type\" content=\"article\" \/>\n<meta property=\"og:title\" content=\"Nosotros - SMSenra\" \/>\n<meta property=\"og:description\" content=\"...\" \/>\n<meta property=\"og:url\" content=\"https:\/\/smsenra.com\/meet-smsenra\/\" \/>\n<meta property=\"og:site_name\" content=\"SMSenra\" \/>\n<meta property=\"article:modified_time\" content=\"2017-09-01T06:21:50+00:00\" \/>\n<meta name=\"twitter:card\" content=\"summary_large_image\" \/>\n<meta name=\"twitter:label1\" content=\"Tiempo de lectura\" \/>\n\t<meta name=\"twitter:data1\" content=\"4 minutos\" \/>\n<script type=\"application\/ld+json\" class=\"yoast-schema-graph\">{\"@context\":\"https:\/\/schema.org\",\"@graph\":[{\"@type\":\"WebPage\",\"@id\":\"https:\/\/smsenra.com\/meet-smsenra\/\",\"url\":\"https:\/\/smsenra.com\/meet-smsenra\/\",\"name\":\"Nosotros - SMSenra\",\"isPartOf\":{\"@id\":\"https:\/\/smsenra.com\/#website\"},\"datePublished\":\"2017-08-26T06:57:16+00:00\",\"dateModified\":\"2017-09-01T06:21:50+00:00\",\"breadcrumb\":{\"@id\":\"https:\/\/smsenra.com\/meet-smsenra\/#breadcrumb\"},\"inLanguage\":\"es\",\"potentialAction\":[{\"@type\":\"ReadAction\",\"target\":[\"https:\/\/smsenra.com\/meet-smsenra\/\"]}]},{\"@type\":\"BreadcrumbList\",\"@id\":\"https:\/\/smsenra.com\/meet-smsenra\/#breadcrumb\",\"itemListElement\":[{\"@type\":\"ListItem\",\"position\":1,\"name\":\"Home\",\"item\":\"https:\/\/smsenra.com\/\"},{\"@type\":\"ListItem\",\"position\":2,\"name\":\"Meet SMSenra\"}]},{\"@type\":\"WebSite\",\"@id\":\"https:\/\/smsenra.com\/#website\",\"url\":\"https:\/\/smsenra.com\/\",\"name\":\"SMSenra\",\"description\":\"- commited to Fashion\",\"publisher\":{\"@id\":\"https:\/\/smsenra.com\/#organization\"},\"potentialAction\":[{\"@type\":\"SearchAction\",\"target\":{\"@type\":\"EntryPoint\",\"urlTemplate\":\"https:\/\/smsenra.com\/?s={search_term_string}\"},\"query-input\":\"required name=search_term_string\"}],\"inLanguage\":\"es\"},{\"@type\":\"Organization\",\"@id\":\"https:\/\/smsenra.com\/#organization\",\"name\":\"SMSenra - Committed to Fashion\",\"url\":\"https:\/\/smsenra.com\/\",\"logo\":{\"@type\":\"ImageObject\",\"inLanguage\":\"es\",\"@id\":\"https:\/\/smsenra.com\/#\/schema\/logo\/image\/\",\"url\":\"https:\/\/smsenra.com\/wp-content\/uploads\/2017\/08\/smsenra-logo-355x100-1.png\",\"contentUrl\":\"https:\/\/smsenra.com\/wp-content\/uploads\/2017\/08\/smsenra-logo-355x100-1.png\",\"width\":335,\"height\":100,\"caption\":\"SMSenra - Committed to Fashion\"},\"image\":{\"@id\":\"https:\/\/smsenra.com\/#\/schema\/logo\/image\/\"},\"sameAs\":[\"https:\/\/www.linkedin.com\/company-beta\/11234883\/\"]}]}<\/script>\n<!-- \/ Yoast SEO plugin. -->","yoast_head_json":{"title":"Nosotros - SMSenra","robots":{"index":"index","follow":"follow","max-snippet":"max-snippet:-1","max-image-preview":"max-image-preview:large","max-video-preview":"max-video-preview:-1"},"canonical":"https:\/\/smsenra.com\/meet-smsenra\/","og_locale":"es_ES","og_type":"article","og_title":"Nosotros - SMSenra","og_description":"...","og_url":"https:\/\/smsenra.com\/meet-smsenra\/","og_site_name":"SMSenra","article_modified_time":"2017-09-01T06:21:50+00:00","twitter_card":"summary_large_image","twitter_misc":{"Tiempo de lectura":"4 minutos"},"schema":{"@context":"https:\/\/schema.org","@graph":[{"@type":"WebPage","@id":"https:\/\/smsenra.com\/meet-smsenra\/","url":"https:\/\/smsenra.com\/meet-smsenra\/","name":"Nosotros - SMSenra","isPartOf":{"@id":"https:\/\/smsenra.com\/#website"},"datePublished":"2017-08-26T06:57:16+00:00","dateModified":"2017-09-01T06:21:50+00:00","breadcrumb":{"@id":"https:\/\/smsenra.com\/meet-smsenra\/#breadcrumb"},"inLanguage":"es","potentialAction":[{"@type":"ReadAction","target":["https:\/\/smsenra.com\/meet-smsenra\/"]}]},{"@type":"BreadcrumbList","@id":"https:\/\/smsenra.com\/meet-smsenra\/#breadcrumb","itemListElement":[{"@type":"ListItem","position":1,"name":"Home","item":"https:\/\/smsenra.com\/"},{"@type":"ListItem","position":2,"name":"Meet SMSenra"}]},{"@type":"WebSite","@id":"https:\/\/smsenra.com\/#website","url":"https:\/\/smsenra.com\/","name":"SMSenra","description":"- commited to Fashion","publisher":{"@id":"https:\/\/smsenra.com\/#organization"},"potentialAction":[{"@type":"SearchAction","target":{"@type":"EntryPoint","urlTemplate":"https:\/\/smsenra.com\/?s={search_term_string}"},"query-input":"required name=search_term_string"}],"inLanguage":"es"},{"@type":"Organization","@id":"https:\/\/smsenra.com\/#organization","name":"SMSenra - Committed to Fashion","url":"https:\/\/smsenra.com\/","logo":{"@type":"ImageObject","inLanguage":"es","@id":"https:\/\/smsenra.com\/#\/schema\/logo\/image\/","url":"https:\/\/smsenra.com\/wp-content\/uploads\/2017\/08\/smsenra-logo-355x100-1.png","contentUrl":"https:\/\/smsenra.com\/wp-content\/uploads\/2017\/08\/smsenra-logo-355x100-1.png","width":335,"height":100,"caption":"SMSenra - Committed to Fashion"},"image":{"@id":"https:\/\/smsenra.com\/#\/schema\/logo\/image\/"},"sameAs":["https:\/\/www.linkedin.com\/company-beta\/11234883\/"]}]}},"_links":{"self":[{"href":"https:\/\/smsenra.com\/es\/wp-json\/wp\/v2\/pages\/20895","targetHints":{"allow":["GET"]}}],"collection":[{"href":"https:\/\/smsenra.com\/es\/wp-json\/wp\/v2\/pages"}],"about":[{"href":"https:\/\/smsenra.com\/es\/wp-json\/wp\/v2\/types\/page"}],"author":[{"embeddable":true,"href":"https:\/\/smsenra.com\/es\/wp-json\/wp\/v2\/users\/1"}],"replies":[{"embeddable":true,"href":"https:\/\/smsenra.com\/es\/wp-json\/wp\/v2\/comments?post=20895"}],"version-history":[{"count":0,"href":"https:\/\/smsenra.com\/es\/wp-json\/wp\/v2\/pages\/20895\/revisions"}],"wp:attachment":[{"href":"https:\/\/smsenra.com\/es\/wp-json\/wp\/v2\/media?parent=20895"}],"curies":[{"name":"wp","href":"https:\/\/api.w.org\/{rel}","templated":true}]}}